{"id":30820,"date":"2021-03-02T14:30:25","date_gmt":"2021-03-02T14:30:25","guid":{"rendered":"https:\/\/enix.pl\/kontakt\/"},"modified":"2023-12-14T09:38:50","modified_gmt":"2023-12-14T09:38:50","slug":"kontakt","status":"publish","type":"page","link":"https:\/\/enix.pl\/de\/kontakt\/","title":{"rendered":"Kontakt"},"content":{"rendered":"<section class=\"acf-block page-title\" id=\"\">\n  <div class=\"container\">\n    <h1 class=\"page-title__headline\">Kontakt<\/h1>\n  <\/div>\n<\/section>\n\n\n<section class=\"acf-block contact-blocks\">\n  <div class=\"container\">\n              <p class=\"contact-blocks__subtitle\">In\u017cynierska Agencja Projektowo &#8211; Budowlana &#8220;Enix&#8221; sp. .<\/p>\n        <div class=\"row\">\n                            <div class=\"column col-md-4\">\n          <div class=\"contact-block\">\n                                                              <p class=\"contact-block__details\"><p>ul. Domaga\u0142y 1<br \/>\n30-841 Krak\u00f3w<br \/>\nPOLAND<\/p>\n<\/p>\n                      <\/div>\n        <\/div>\n                      <div class=\"column col-md-4\">\n          <div class=\"contact-block\">\n                                                              <p class=\"contact-block__details\"><p>Steuer ID PL6760010214<br \/>\nREGON 003906994<\/p>\n<\/p>\n                      <\/div>\n        <\/div>\n                      <div class=\"column col-md-4\">\n          <div class=\"contact-block\">\n                                                              <p class=\"contact-block__details\"><p>tel.\/fax: <a href=\"tel:+48%2012%20653%2053%2041\">+48 12 653 53 41<\/a><br \/>\n<a href=\"mailto:office@enix.pl\">office@enix.pl<\/a><\/p>\n<\/p>\n                      <\/div>\n        <\/div>\n          <\/div>\n  <\/div>\n<\/section>\n\n\n<section class=\"text-block\">\n  <div class=\"container\">\n    <p><script type=\"application\/ld+json\"> { \"@context\": \"https:\/\/schema.org\", \"@type\": \"LocalBusiness\", \"name\": \"In\u017cynierska Agencja Projektowo \u2013 Budowlana \u201eEnix\u201d sp. z o.o.\", \"image\": \"https:\/\/enix.pl\/app\/themes\/enix\/dist\/images\/logo.svg\", \"@id\": \"\", \"url\": \"https:\/\/enix.pl\/\", \"telephone\": \"+48 601 180 462\", \"priceRange\": \"$\", \"address\": { \"@type\": \"PostalAddress\", \"streetAddress\": \"ul. Domaga\u0142y 1\", \"addressLocality\": \"Krak\u00f3w\", \"postalCode\": \"30-841\", \"addressCountry\": \"PL\" }, \"geo\": { \"@type\": \"GeoCoordinates\", \"latitude\": 50.0300572, \"longitude\": 20.0513629 } } <\/script><\/p>\n  <\/div>\n<\/section>\n","protected":false},"excerpt":{"rendered":"","protected":false},"author":3,"featured_media":0,"parent":0,"menu_order":0,"comment_status":"closed","ping_status":"closed","template":"","meta":[],"yoast_head":"<!-- This site is optimized with the Yoast SEO plugin v16.3 - https:\/\/yoast.com\/wordpress\/plugins\/seo\/ -->\n<title>Kontakt - Moderne Heizk\u00f6rper, Elektroheizk\u00f6rper, Stahlheizk\u00f6rper<\/title>\n<meta name=\"description\" content=\"Moderne Heizk\u00f6rper, Elektroheizk\u00f6rper, Stahlheizk\u00f6rper, Design Elektrische Heizk\u00f6rper. Ein bew\u00e4hrter Hersteller von Radiatoren. Sie sind herzlich eingeladen, Kontakt aufzunehmen.\" \/>\n<meta name=\"robots\" content=\"index, follow, max-snippet:-1, max-image-preview:large, max-video-preview:-1\" \/>\n<link rel=\"canonical\" href=\"https:\/\/enix.pl\/de\/kontakt\/\" \/>\n<meta property=\"og:locale\" content=\"de_DE\" \/>\n<meta property=\"og:type\" content=\"article\" \/>\n<meta property=\"og:title\" content=\"Kontakt - Moderne Heizk\u00f6rper, Elektroheizk\u00f6rper, Stahlheizk\u00f6rper\" \/>\n<meta property=\"og:description\" content=\"Moderne Heizk\u00f6rper, Elektroheizk\u00f6rper, Stahlheizk\u00f6rper, Design Elektrische Heizk\u00f6rper. Ein bew\u00e4hrter Hersteller von Radiatoren. Sie sind herzlich eingeladen, Kontakt aufzunehmen.\" \/>\n<meta property=\"og:url\" content=\"https:\/\/enix.pl\/de\/kontakt\/\" \/>\n<meta property=\"og:site_name\" content=\"ENIX\" \/>\n<meta property=\"article:publisher\" content=\"https:\/\/www.facebook.com\/ENIXCreateUBoZ3G9vlGY7Eg\" \/>\n<meta property=\"article:modified_time\" content=\"2023-12-14T09:38:50+00:00\" \/>\n<meta name=\"twitter:card\" content=\"summary_large_image\" \/>\n<script type=\"application\/ld+json\" class=\"yoast-schema-graph\">{\"@context\":\"https:\/\/schema.org\",\"@graph\":[{\"@type\":\"Organization\",\"@id\":\"https:\/\/enix.pl\/#organization\",\"name\":\"Enix sp. z o.o.\",\"url\":\"https:\/\/enix.pl\/\",\"sameAs\":[\"https:\/\/www.facebook.com\/ENIXCreateUBoZ3G9vlGY7Eg\",\"https:\/\/www.instagram.com\/enix.create\/\",\"https:\/\/pl.linkedin.com\/company\/enix-sp-z-o-o-\",\"https:\/\/pl.pinterest.com\/enixcreate\/\"],\"logo\":{\"@type\":\"ImageObject\",\"@id\":\"https:\/\/enix.pl\/#logo\",\"inLanguage\":\"de-DE\",\"url\":\"https:\/\/enix.pl\/app\/uploads\/2021\/06\/logo-enix.svg\",\"contentUrl\":\"https:\/\/enix.pl\/app\/uploads\/2021\/06\/logo-enix.svg\",\"width\":168,\"height\":32,\"caption\":\"Enix sp. z o.o.\"},\"image\":{\"@id\":\"https:\/\/enix.pl\/#logo\"}},{\"@type\":\"WebSite\",\"@id\":\"https:\/\/enix.pl\/#website\",\"url\":\"https:\/\/enix.pl\/\",\"name\":\"ENIX\",\"description\":\"Hersteller von Heizk\\u00f6rpern\",\"publisher\":{\"@id\":\"https:\/\/enix.pl\/#organization\"},\"potentialAction\":[{\"@type\":\"SearchAction\",\"target\":\"https:\/\/enix.pl\/?s={search_term_string}\",\"query-input\":\"required name=search_term_string\"}],\"inLanguage\":\"de-DE\"},{\"@type\":\"WebPage\",\"@id\":\"https:\/\/enix.pl\/de\/kontakt\/#webpage\",\"url\":\"https:\/\/enix.pl\/de\/kontakt\/\",\"name\":\"Kontakt - Moderne Heizk\\u00f6rper, Elektroheizk\\u00f6rper, Stahlheizk\\u00f6rper\",\"isPartOf\":{\"@id\":\"https:\/\/enix.pl\/#website\"},\"datePublished\":\"2021-03-02T14:30:25+00:00\",\"dateModified\":\"2023-12-14T09:38:50+00:00\",\"description\":\"Moderne Heizk\\u00f6rper, Elektroheizk\\u00f6rper, Stahlheizk\\u00f6rper, Design Elektrische Heizk\\u00f6rper. Ein bew\\u00e4hrter Hersteller von Radiatoren. Sie sind herzlich eingeladen, Kontakt aufzunehmen.\",\"breadcrumb\":{\"@id\":\"https:\/\/enix.pl\/de\/kontakt\/#breadcrumb\"},\"inLanguage\":\"de-DE\",\"potentialAction\":[{\"@type\":\"ReadAction\",\"target\":[\"https:\/\/enix.pl\/de\/kontakt\/\"]}]},{\"@type\":\"BreadcrumbList\",\"@id\":\"https:\/\/enix.pl\/de\/kontakt\/#breadcrumb\",\"itemListElement\":[{\"@type\":\"ListItem\",\"position\":1,\"item\":{\"@type\":\"WebPage\",\"@id\":\"https:\/\/enix.pl\/de\/\",\"url\":\"https:\/\/enix.pl\/de\/\",\"name\":\"Strona g\\u0142\\u00f3wna\"}},{\"@type\":\"ListItem\",\"position\":2,\"item\":{\"@id\":\"https:\/\/enix.pl\/de\/kontakt\/#webpage\"}}]}]}<\/script>\n<!-- \/ Yoast SEO plugin. -->","_links":{"self":[{"href":"https:\/\/enix.pl\/de\/wp-json\/wp\/v2\/pages\/30820"}],"collection":[{"href":"https:\/\/enix.pl\/de\/wp-json\/wp\/v2\/pages"}],"about":[{"href":"https:\/\/enix.pl\/de\/wp-json\/wp\/v2\/types\/page"}],"author":[{"embeddable":true,"href":"https:\/\/enix.pl\/de\/wp-json\/wp\/v2\/users\/3"}],"replies":[{"embeddable":true,"href":"https:\/\/enix.pl\/de\/wp-json\/wp\/v2\/comments?post=30820"}],"version-history":[{"count":25,"href":"https:\/\/enix.pl\/de\/wp-json\/wp\/v2\/pages\/30820\/revisions"}],"predecessor-version":[{"id":39034,"href":"https:\/\/enix.pl\/de\/wp-json\/wp\/v2\/pages\/30820\/revisions\/39034"}],"wp:attachment":[{"href":"https:\/\/enix.pl\/de\/wp-json\/wp\/v2\/media?parent=30820"}],"curies":[{"name":"wp","href":"https:\/\/api.w.org\/{rel}","templated":true}]}}