{"id":30827,"date":"2021-03-02T14:30:19","date_gmt":"2021-03-02T14:30:19","guid":{"rendered":"https:\/\/enix.pl\/verkaufsstellen\/"},"modified":"2021-07-16T11:21:06","modified_gmt":"2021-07-16T11:21:06","slug":"verkaufsstellen","status":"publish","type":"page","link":"https:\/\/enix.pl\/de\/verkaufsstellen\/","title":{"rendered":"Verkaufsstellen"},"content":{"rendered":"\n<p>Wir laden Sie ein, unsere Partner zu kontaktieren. Im station\u00e4ren Handel k\u00f6nnen Sie unsere Heizger\u00e4te besichtigen und bestellen, w\u00e4hrend qualifizierte Fachberater Ihnen die n\u00f6tigen Informationen erteilen.<\/p>\n<style>\r\n\t#wpsl-stores .wpsl-store-thumb {height:45px !important; width:45px !important;}\r\n\t#wpsl-stores, #wpsl-direction-details, #wpsl-gmap {height:600px !important;}\r\n\t#wpsl-gmap .wpsl-info-window {max-width:225px !important;}\r\n\t.wpsl-input label, #wpsl-radius label, #wpsl-category label {width:95px;}\r\n\t#wpsl-search-input  {width:179px;}\r\n<\/style>\r\n<div id=\"wpsl-wrap\" class=\"stores\">\r\n\t<div class=\"wpsl-search wpsl-clearfix wpsl-filter wpsl-checkboxes-enabled\">\r\n\t\t<div id=\"stores-search-wrap\">\r\n\t\t\t<form autocomplete=\"off\">\r\n<ul id=\"wpsl-checkbox-filter\">\n  <li><label class=\"checklabel\"><input type=\"checkbox\" value=\"41\">Sprzeda\u017c detaliczna<\/label><\/li>\n  <li><label class=\"checklabel\"><input type=\"checkbox\" value=\"42\">Sprzeda\u017c hurtowa<\/label><\/li>\n  <\/ul><div class=\"stores__row\"><div class=\"stores__row__fil\">\t\t\t<div class=\"wpsl-input\">\r\n\t\t\t\t<input id=\"wpsl-search-input\" type=\"text\" value=\"\" name=\"wpsl-search-input\" placeholder=\"Your location\" \/>\r\n\t\t\t<\/div>\r\n\t\t\t<div class=\"wpsl-select-wrap\">\r\n\t\t\t\t<div id=\"wpsl-radius\">\r\n\t\t\t\t\t<select id=\"wpsl-radius-dropdown\" class=\"wpsl-dropdown\" name=\"wpsl-radius\">\r\n\t\t\t\t\t\t<option value=\"10\">10 km<\/option><option value=\"25\">25 km<\/option><option value=\"50\">50 km<\/option><option value=\"100\">100 km<\/option><option value=\"200\">200 km<\/option><option selected=\"selected\" value=\"500\">500 km<\/option>\r\n\t\t\t\t\t<\/select>\r\n\t\t\t\t<\/div>\r\n\t\t\t<\/div>\r\n<div id=\"wpsl-checkbox-filter\" class=\"second\"><label class=\"checklabel checkeks\"><input type=\"checkbox\" value=\"40\">Ekspozycja<span class=\"icon svg-container\" aria-hidden=\"true\"><svg width=\"20\" height=\"12\" viewBox=\"0 0 20 12\" fill=\"none\" xmlns=\"http:\/\/www.w3.org\/2000\/svg\">\n<path d=\"M10.0899 12.0005C12.1276 11.9899 14.0799 11.3692 15.8768 10.2315C17.4384 9.24238 18.7302 7.96327 19.8354 6.48711C20.052 6.19759 20.0559 5.80156 19.8407 5.51495C18.4755 3.69699 16.846 2.18452 14.8025 1.15911C13.1855 0.34768 11.4739 -0.0522229 9.66393 0.00635852C7.76904 0.0678448 6.01936 0.625579 4.39607 1.59677C2.76603 2.57184 1.42157 3.86353 0.268621 5.36632C0.152845 5.51737 0.0414085 5.66746 0.0124645 5.8645C-0.0203381 6.08672 0.0148754 6.29539 0.148502 6.47307C1.63238 8.45032 3.41969 10.0615 5.6947 11.0749C7.06184 11.6844 8.49651 11.9947 10.0899 12.0005ZM9.99727 1.82916C12.2776 1.82238 14.1397 3.68392 14.1464 5.97682C14.1532 8.27941 12.3027 10.1613 10.0233 10.1685C7.73093 10.1758 5.85583 8.31766 5.84763 6.03105C5.83943 3.70958 7.68945 1.83642 9.99727 1.82916Z\" fill=\"#E30613\"\/>\n<path d=\"M9.99135 3.44874C8.57887 3.45164 7.45439 4.58841 7.45969 6.00792C7.465 7.41582 8.6001 8.54872 10.0034 8.54581C11.4111 8.54291 12.5327 7.40323 12.5293 5.97936C12.5259 4.58163 11.387 3.44583 9.99135 3.44874Z\" fill=\"#E30613\"\/>\n<\/svg><\/span><\/label><\/div><\/div><div class=\"store__search\">\n<button type=\"submit\" id=\"wpsl-search-btn-mark\" class=\"button button--outline button--arrow\">Suchen <span class=\"icon svg-container\" aria-hidden=\"true\"><svg width=\"17\" height=\"8\" viewBox=\"0 0 17 8\" fill=\"none\" xmlns=\"http:\/\/www.w3.org\/2000\/svg\">\n<path d=\"M16.3536 4.35355C16.5488 4.15829 16.5488 3.84171 16.3536 3.64645L13.1716 0.464466C12.9763 0.269204 12.6597 0.269204 12.4645 0.464466C12.2692 0.659728 12.2692 0.976311 12.4645 1.17157L15.2929 4L12.4645 6.82843C12.2692 7.02369 12.2692 7.34027 12.4645 7.53553C12.6597 7.7308 12.9763 7.7308 13.1716 7.53553L16.3536 4.35355ZM0 4.5L16 4.5V3.5L0 3.5L0 4.5Z\" fill=\"#a6a6a6\"><\/path><\/svg><\/span><\/button>\n<button type=\"submit\" id=\"wpsl-search-btn\" style=\"display:none;\"><\/button><\/div>\t\t<\/form>\r\n\t\t<\/div>\r\n\t<\/div>\r\n\t<div id=\"wpsl-gmap\" class=\"wpsl-gmap-canvas\"><\/div>\r\n\t<div id=\"wpsl-result-list\">\r\n\t\t<div id=\"wpsl-stores\" >\r\n\t\t\t<ul><\/ul>\r\n\t\t<\/div>\r\n\t\t<div id=\"wpsl-direction-details\">\r\n\t\t\t<ul><\/ul>\r\n\t\t<\/div>\r\n\t<\/div>\r\n<\/div>\r\n\n","protected":false},"excerpt":{"rendered":"<p>Wir laden Sie ein, unsere Partner zu kontaktieren. Im station\u00e4ren Handel k\u00f6nnen Sie unsere Heizger\u00e4te besichtigen und bestellen, w\u00e4hrend qualifizierte Fachberater Ihnen die n\u00f6tigen Informationen erteilen.<\/p>\n","protected":false},"author":3,"featured_media":0,"parent":0,"menu_order":0,"comment_status":"closed","ping_status":"closed","template":"views\/page-gdziekupic.blade.php","meta":[],"yoast_head":"<!-- This site is optimized with the Yoast SEO plugin v16.3 - https:\/\/yoast.com\/wordpress\/plugins\/seo\/ -->\n<title>Verkaufsstellen Moderne Heizk\u00f6rper, Elektroheizk\u00f6rper, Stahlheizk\u00f6rper<\/title>\n<meta name=\"description\" content=\"Moderne Heizk\u00f6rper, Elektroheizk\u00f6rper, Stahlheizk\u00f6rper Ein bew\u00e4hrter Hersteller von Radiatoren. Wir vertreiben Enix-Designheizk\u00f6rper im ganzen Land\" \/>\n<meta name=\"robots\" content=\"index, follow, max-snippet:-1, max-image-preview:large, max-video-preview:-1\" \/>\n<link rel=\"canonical\" href=\"https:\/\/enix.pl\/de\/verkaufsstellen\/\" \/>\n<meta property=\"og:locale\" content=\"de_DE\" \/>\n<meta property=\"og:type\" content=\"article\" \/>\n<meta property=\"og:title\" content=\"Verkaufsstellen Moderne Heizk\u00f6rper, Elektroheizk\u00f6rper, Stahlheizk\u00f6rper\" \/>\n<meta property=\"og:description\" content=\"Moderne Heizk\u00f6rper, Elektroheizk\u00f6rper, Stahlheizk\u00f6rper Ein bew\u00e4hrter Hersteller von Radiatoren. Wir vertreiben Enix-Designheizk\u00f6rper im ganzen Land\" \/>\n<meta property=\"og:url\" content=\"https:\/\/enix.pl\/de\/verkaufsstellen\/\" \/>\n<meta property=\"og:site_name\" content=\"ENIX\" \/>\n<meta property=\"article:publisher\" content=\"https:\/\/www.facebook.com\/ENIXCreateUBoZ3G9vlGY7Eg\" \/>\n<meta property=\"article:modified_time\" content=\"2021-07-16T11:21:06+00:00\" \/>\n<meta name=\"twitter:card\" content=\"summary_large_image\" \/>\n<script type=\"application\/ld+json\" class=\"yoast-schema-graph\">{\"@context\":\"https:\/\/schema.org\",\"@graph\":[{\"@type\":\"Organization\",\"@id\":\"https:\/\/enix.pl\/#organization\",\"name\":\"Enix sp. z o.o.\",\"url\":\"https:\/\/enix.pl\/\",\"sameAs\":[\"https:\/\/www.facebook.com\/ENIXCreateUBoZ3G9vlGY7Eg\",\"https:\/\/www.instagram.com\/enix.create\/\",\"https:\/\/pl.linkedin.com\/company\/enix-sp-z-o-o-\",\"https:\/\/pl.pinterest.com\/enixcreate\/\"],\"logo\":{\"@type\":\"ImageObject\",\"@id\":\"https:\/\/enix.pl\/#logo\",\"inLanguage\":\"de-DE\",\"url\":\"https:\/\/enix.pl\/app\/uploads\/2021\/06\/logo-enix.svg\",\"contentUrl\":\"https:\/\/enix.pl\/app\/uploads\/2021\/06\/logo-enix.svg\",\"width\":168,\"height\":32,\"caption\":\"Enix sp. z o.o.\"},\"image\":{\"@id\":\"https:\/\/enix.pl\/#logo\"}},{\"@type\":\"WebSite\",\"@id\":\"https:\/\/enix.pl\/#website\",\"url\":\"https:\/\/enix.pl\/\",\"name\":\"ENIX\",\"description\":\"Hersteller von Heizk\\u00f6rpern\",\"publisher\":{\"@id\":\"https:\/\/enix.pl\/#organization\"},\"potentialAction\":[{\"@type\":\"SearchAction\",\"target\":\"https:\/\/enix.pl\/?s={search_term_string}\",\"query-input\":\"required name=search_term_string\"}],\"inLanguage\":\"de-DE\"},{\"@type\":\"WebPage\",\"@id\":\"https:\/\/enix.pl\/de\/verkaufsstellen\/#webpage\",\"url\":\"https:\/\/enix.pl\/de\/verkaufsstellen\/\",\"name\":\"Verkaufsstellen Moderne Heizk\\u00f6rper, Elektroheizk\\u00f6rper, Stahlheizk\\u00f6rper\",\"isPartOf\":{\"@id\":\"https:\/\/enix.pl\/#website\"},\"datePublished\":\"2021-03-02T14:30:19+00:00\",\"dateModified\":\"2021-07-16T11:21:06+00:00\",\"description\":\"Moderne Heizk\\u00f6rper, Elektroheizk\\u00f6rper, Stahlheizk\\u00f6rper Ein bew\\u00e4hrter Hersteller von Radiatoren. Wir vertreiben Enix-Designheizk\\u00f6rper im ganzen Land\",\"breadcrumb\":{\"@id\":\"https:\/\/enix.pl\/de\/verkaufsstellen\/#breadcrumb\"},\"inLanguage\":\"de-DE\",\"potentialAction\":[{\"@type\":\"ReadAction\",\"target\":[\"https:\/\/enix.pl\/de\/verkaufsstellen\/\"]}]},{\"@type\":\"BreadcrumbList\",\"@id\":\"https:\/\/enix.pl\/de\/verkaufsstellen\/#breadcrumb\",\"itemListElement\":[{\"@type\":\"ListItem\",\"position\":1,\"item\":{\"@type\":\"WebPage\",\"@id\":\"https:\/\/enix.pl\/de\/\",\"url\":\"https:\/\/enix.pl\/de\/\",\"name\":\"Strona g\\u0142\\u00f3wna\"}},{\"@type\":\"ListItem\",\"position\":2,\"item\":{\"@id\":\"https:\/\/enix.pl\/de\/verkaufsstellen\/#webpage\"}}]}]}<\/script>\n<!-- \/ Yoast SEO plugin. -->","_links":{"self":[{"href":"https:\/\/enix.pl\/de\/wp-json\/wp\/v2\/pages\/30827"}],"collection":[{"href":"https:\/\/enix.pl\/de\/wp-json\/wp\/v2\/pages"}],"about":[{"href":"https:\/\/enix.pl\/de\/wp-json\/wp\/v2\/types\/page"}],"author":[{"embeddable":true,"href":"https:\/\/enix.pl\/de\/wp-json\/wp\/v2\/users\/3"}],"replies":[{"embeddable":true,"href":"https:\/\/enix.pl\/de\/wp-json\/wp\/v2\/comments?post=30827"}],"version-history":[{"count":1,"href":"https:\/\/enix.pl\/de\/wp-json\/wp\/v2\/pages\/30827\/revisions"}],"predecessor-version":[{"id":30828,"href":"https:\/\/enix.pl\/de\/wp-json\/wp\/v2\/pages\/30827\/revisions\/30828"}],"wp:attachment":[{"href":"https:\/\/enix.pl\/de\/wp-json\/wp\/v2\/media?parent=30827"}],"curies":[{"name":"wp","href":"https:\/\/api.w.org\/{rel}","templated":true}]}}