{"id":30843,"date":"2021-03-02T14:29:28","date_gmt":"2021-03-02T14:29:28","guid":{"rendered":"https:\/\/enix.pl\/produkte\/"},"modified":"2021-08-04T08:48:17","modified_gmt":"2021-08-04T08:48:17","slug":"produkte","status":"publish","type":"page","link":"https:\/\/enix.pl\/de\/produkte\/","title":{"rendered":"Produkte"},"content":{"rendered":"<div class=\"container\">\n  <section class=\"acf-block highlighted-category\">\n    <div class=\"highlighted-category__thumbnail\" style=\"background-image: url(https:\/\/enix.pl\/app\/uploads\/2021\/05\/libra-l-616-fragment.jpg)\"><\/div>\n    <div class=\"highlighted-category__info\">\n      <h2>Heizk\u00f6rper<\/h2>\n      <p class=\"highlighted-category__info-text\">Heutzutage muss ein Zentralheizungsheizk\u00f6rper kein aufdringliches Objekt sein, im Gegenteil &#8211; er sollte eine Bereicherung sein! <\/p>\n      <h3>Unsere Heizk\u00f6rperkollektionen<\/h3>\n      <div class=\"highlighted-category__icons\">\n                              <a href=\"https:\/\/enix.pl\/de\/product_category\/enix-create-de\/\" class=\"highlighted-category__icons-icon\" target=\"\">\n              <img src=\"https:\/\/enix.pl\/app\/uploads\/2021\/04\/enix_create_logo.svg\" alt=\"ENIX Create\">\n              <span>ENIX Create<\/span>\n            <\/a>\n                                        <a href=\"https:\/\/enix.pl\/de\/product_category\/dekorative-heizkorper\/\" class=\"highlighted-category__icons-icon\" target=\"\">\n              <img src=\"https:\/\/enix.pl\/app\/uploads\/2021\/04\/deko.svg\" alt=\"Dekorative Heizk\u00f6rper\">\n              <span>Dekorative Heizk\u00f6rper<\/span>\n            <\/a>\n                                        <a href=\"https:\/\/enix.pl\/de\/product_category\/elektroheizkorper-de\/\" class=\"highlighted-category__icons-icon\" target=\"\">\n              <img src=\"https:\/\/enix.pl\/app\/uploads\/2021\/04\/Frame.svg\" alt=\"Elektroheizk\u00f6rper\">\n              <span>Elektroheizk\u00f6rper<\/span>\n            <\/a>\n                                        <a href=\"https:\/\/enix.pl\/de\/product_category\/plattenheizkorper\/\" class=\"highlighted-category__icons-icon\" target=\"\">\n              <img src=\"https:\/\/enix.pl\/app\/uploads\/2021\/04\/plyt.svg\" alt=\"Plattenheizk\u00f6rper\">\n              <span>Plattenheizk\u00f6rper<\/span>\n            <\/a>\n                                        <a href=\"https:\/\/enix.pl\/de\/product_category\/leiterheizkorper\/\" class=\"highlighted-category__icons-icon\" target=\"\">\n              <img src=\"https:\/\/enix.pl\/app\/uploads\/2021\/04\/drab.svg\" alt=\"Leiterheizk\u00f6rper\">\n              <span>Leiterheizk\u00f6rper<\/span>\n            <\/a>\n                                        <a href=\"https:\/\/enix.pl\/de\/product_category\/eco-heizkorper\/\" class=\"highlighted-category__icons-icon\" target=\"\">\n              <img src=\"https:\/\/enix.pl\/app\/uploads\/2021\/05\/ENIX_ikona_eco_37x37.png\" alt=\"ECO Heizk\u00f6rper\">\n              <span>ECO Heizk\u00f6rper<\/span>\n            <\/a>\n                                        <a href=\"#\" class=\"highlighted-category__icons-icon\" target=\"\">\n              <img src=\"https:\/\/enix.pl\/app\/uploads\/2021\/04\/star.svg\" alt=\"NEUHEITEN\">\n              <span>NEUHEITEN<\/span>\n            <\/a>\n                        <\/div>\n      <div class=\"highlighted-category__info-bottom\">\n        <a href=\"https:\/\/enix.pl\/de\/product_category\/heizkorper\/\" class=\"highlighted-category__info-link button button--outline button--arrow\">Alle Heizk\u00f6rper <span class=\"icon svg-container\" aria-hidden=\"true\"><svg width=\"17\" height=\"8\" viewBox=\"0 0 17 8\" fill=\"none\" xmlns=\"http:\/\/www.w3.org\/2000\/svg\">\n<path d=\"M16.3536 4.35355C16.5488 4.15829 16.5488 3.84171 16.3536 3.64645L13.1716 0.464466C12.9763 0.269204 12.6597 0.269204 12.4645 0.464466C12.2692 0.659728 12.2692 0.976311 12.4645 1.17157L15.2929 4L12.4645 6.82843C12.2692 7.02369 12.2692 7.34027 12.4645 7.53553C12.6597 7.7308 12.9763 7.7308 13.1716 7.53553L16.3536 4.35355ZM0 4.5L16 4.5V3.5L0 3.5L0 4.5Z\" fill=\"#a6a6a6\"\/>\n<\/svg>\n<\/span><\/a>\n      <\/div>\n    <\/div>\n    <div class=\"highlighted-category__photo\"><img width=\"768\" height=\"1152\" src=\"https:\/\/enix.pl\/app\/uploads\/2021\/05\/libra-l-616-fragment-768x1152.jpg\" class=\"attachment-medium_large size-medium_large\" alt=\"Grzejniki\" loading=\"lazy\" srcset=\"https:\/\/enix.pl\/app\/uploads\/2021\/05\/libra-l-616-fragment-768x1152.jpg 768w, https:\/\/enix.pl\/app\/uploads\/2021\/05\/libra-l-616-fragment-600x900.jpg 600w, https:\/\/enix.pl\/app\/uploads\/2021\/05\/libra-l-616-fragment-200x300.jpg 200w, https:\/\/enix.pl\/app\/uploads\/2021\/05\/libra-l-616-fragment-683x1024.jpg 683w, https:\/\/enix.pl\/app\/uploads\/2021\/05\/libra-l-616-fragment.jpg 800w\" sizes=\"(max-width: 768px) 100vw, 768px\" \/><\/div>\n  <\/section>\n<\/div>\n\n\n<section class=\"acf-block prod-categories\">\n  <div class=\"container\">\n    <div class=\"prod-categories__items\">\n      <div class=\"row\">\n                  <div class=\"column col-lg-4\">\n            <article class=\"category-block\">\n              <a href=\"https:\/\/enix.pl\/de\/product_category\/ELEKTROHEIZKoRPER\/\" class=\"category-block__image\">\n                <img src=\"https:\/\/enix.pl\/app\/uploads\/2021\/04\/libra_2013-1-2-1.jpeg\" alt=\"\" \/>\n              <\/a>\n              <div class=\"category-block__content\">\n                <div class=\"category-block__content__inner\">\n                  <h3 class=\"category-block__content__title\">\n                    <a href=\"https:\/\/enix.pl\/de\/product_category\/ELEKTROHEIZKoRPER\/\">Elektroheizk\u00f6rper<\/a>\n                  <\/h3>\n                  <p class=\"category-block__content__text\">Heutzutage muss ein Zentralheizungsheizk\u00f6rper kein aufdringliches Objekt sein, im Gegenteil er sollte eine Bereicherung sein! <\/p>\n                                      <a href=\"https:\/\/enix.pl\/de\/product_category\/ELEKTROHEIZKoRPER\/\" class=\"category-block__content__button button button--outline button--arrow\">Produkte ansehen <span class=\"icon svg-container\" aria-hidden=\"true\"><svg width=\"17\" height=\"8\" viewBox=\"0 0 17 8\" fill=\"none\" xmlns=\"http:\/\/www.w3.org\/2000\/svg\">\n<path d=\"M16.3536 4.35355C16.5488 4.15829 16.5488 3.84171 16.3536 3.64645L13.1716 0.464466C12.9763 0.269204 12.6597 0.269204 12.4645 0.464466C12.2692 0.659728 12.2692 0.976311 12.4645 1.17157L15.2929 4L12.4645 6.82843C12.2692 7.02369 12.2692 7.34027 12.4645 7.53553C12.6597 7.7308 12.9763 7.7308 13.1716 7.53553L16.3536 4.35355ZM0 4.5L16 4.5V3.5L0 3.5L0 4.5Z\" fill=\"#a6a6a6\"\/>\n<\/svg>\n<\/span><\/a>\n                                  <\/div>\n              <\/div>\n            <\/article>\n          <\/div>\n                  <div class=\"column col-lg-4\">\n            <article class=\"category-block\">\n              <a href=\"https:\/\/enix.pl\/de\/product_category\/heizelemente\/\" class=\"category-block__image\">\n                <img src=\"https:\/\/enix.pl\/app\/uploads\/2021\/04\/image-3-1.jpeg\" alt=\"\" \/>\n              <\/a>\n              <div class=\"category-block__content\">\n                <div class=\"category-block__content__inner\">\n                  <h3 class=\"category-block__content__title\">\n                    <a href=\"https:\/\/enix.pl\/de\/product_category\/heizelemente\/\">Heizelemente<\/a>\n                  <\/h3>\n                  <p class=\"category-block__content__text\">Heutzutage muss ein Zentralheizungsheizk\u00f6rper kein aufdringliches Objekt sein, im Gegenteil er sollte eine Bereicherung sein! <\/p>\n                                      <a href=\"https:\/\/enix.pl\/de\/product_category\/heizelemente\/\" class=\"category-block__content__button button button--outline button--arrow\">Produkte ansehen <span class=\"icon svg-container\" aria-hidden=\"true\"><svg width=\"17\" height=\"8\" viewBox=\"0 0 17 8\" fill=\"none\" xmlns=\"http:\/\/www.w3.org\/2000\/svg\">\n<path d=\"M16.3536 4.35355C16.5488 4.15829 16.5488 3.84171 16.3536 3.64645L13.1716 0.464466C12.9763 0.269204 12.6597 0.269204 12.4645 0.464466C12.2692 0.659728 12.2692 0.976311 12.4645 1.17157L15.2929 4L12.4645 6.82843C12.2692 7.02369 12.2692 7.34027 12.4645 7.53553C12.6597 7.7308 12.9763 7.7308 13.1716 7.53553L16.3536 4.35355ZM0 4.5L16 4.5V3.5L0 3.5L0 4.5Z\" fill=\"#a6a6a6\"\/>\n<\/svg>\n<\/span><\/a>\n                                  <\/div>\n              <\/div>\n            <\/article>\n          <\/div>\n                  <div class=\"column col-lg-4\">\n            <article class=\"category-block\">\n              <a href=\"https:\/\/enix.pl\/de\/product_category\/zubehor\/\" class=\"category-block__image\">\n                <img src=\"https:\/\/enix.pl\/app\/uploads\/2021\/04\/image-5-1.jpeg\" alt=\"\" \/>\n              <\/a>\n              <div class=\"category-block__content\">\n                <div class=\"category-block__content__inner\">\n                  <h3 class=\"category-block__content__title\">\n                    <a href=\"https:\/\/enix.pl\/de\/product_category\/zubehor\/\">Zubeh\u00f6r<\/a>\n                  <\/h3>\n                  <p class=\"category-block__content__text\">Heutzutage muss ein Zentralheizungsheizk\u00f6rper kein aufdringliches Objekt sein, im Gegenteil er sollte eine Bereicherung sein! <\/p>\n                                      <a href=\"https:\/\/enix.pl\/de\/product_category\/zubehor\/\" class=\"category-block__content__button button button--outline button--arrow\">Produkte ansehen <span class=\"icon svg-container\" aria-hidden=\"true\"><svg width=\"17\" height=\"8\" viewBox=\"0 0 17 8\" fill=\"none\" xmlns=\"http:\/\/www.w3.org\/2000\/svg\">\n<path d=\"M16.3536 4.35355C16.5488 4.15829 16.5488 3.84171 16.3536 3.64645L13.1716 0.464466C12.9763 0.269204 12.6597 0.269204 12.4645 0.464466C12.2692 0.659728 12.2692 0.976311 12.4645 1.17157L15.2929 4L12.4645 6.82843C12.2692 7.02369 12.2692 7.34027 12.4645 7.53553C12.6597 7.7308 12.9763 7.7308 13.1716 7.53553L16.3536 4.35355ZM0 4.5L16 4.5V3.5L0 3.5L0 4.5Z\" fill=\"#a6a6a6\"\/>\n<\/svg>\n<\/span><\/a>\n                                  <\/div>\n              <\/div>\n            <\/article>\n          <\/div>\n              <\/div>\n    <\/div>\n  <\/div>\n<\/section>\n\n\n<section class=\"acf-block products-list\">\n  <div class=\"container\">\n    <h2>Produkte<\/h2>\n    <div class=\"row\">\n              <div class=\"column col-sm-6 col-md-3\">\n                      <a href=\"https:\/\/enix.pl\/de\/produkt\/elit-eu\/\" class=\"products-list__thumbnail\">\n              <img width=\"1024\" height=\"945\" src=\"https:\/\/enix.pl\/app\/uploads\/2021\/04\/Elit_EU_miniatura_1300x1200px-1-1024x945.jpg\" class=\"attachment-large size-large wp-post-image\" alt=\"Grzejnik Elit Universal EU miniatura\" loading=\"lazy\" srcset=\"https:\/\/enix.pl\/app\/uploads\/2021\/04\/Elit_EU_miniatura_1300x1200px-1-1024x945.jpg 1024w, https:\/\/enix.pl\/app\/uploads\/2021\/04\/Elit_EU_miniatura_1300x1200px-1-600x554.jpg 600w, https:\/\/enix.pl\/app\/uploads\/2021\/04\/Elit_EU_miniatura_1300x1200px-1-300x277.jpg 300w, https:\/\/enix.pl\/app\/uploads\/2021\/04\/Elit_EU_miniatura_1300x1200px-1-768x709.jpg 768w, https:\/\/enix.pl\/app\/uploads\/2021\/04\/Elit_EU_miniatura_1300x1200px-1.jpg 1300w\" sizes=\"(max-width: 1024px) 100vw, 1024px\" \/>            <\/a>\n                    <div class=\"products-list__info\">\n            <h3>\n              <a href=\"https:\/\/enix.pl\/de\/produkt\/elit-eu\/\">Elit EU<\/a>\n            <\/h3>\n          <\/div>\n        <\/div>\n              <div class=\"column col-sm-6 col-md-3\">\n                      <a href=\"https:\/\/enix.pl\/de\/produkt\/libra-l\/\" class=\"products-list__thumbnail\">\n              <img width=\"1024\" height=\"945\" src=\"https:\/\/enix.pl\/app\/uploads\/2021\/04\/Libra_L_miniatura_1300x1200px-1024x945.jpg\" class=\"attachment-large size-large wp-post-image\" alt=\"Grzejnik dekoracyjny Memfis\" loading=\"lazy\" srcset=\"https:\/\/enix.pl\/app\/uploads\/2021\/04\/Libra_L_miniatura_1300x1200px-1024x945.jpg 1024w, https:\/\/enix.pl\/app\/uploads\/2021\/04\/Libra_L_miniatura_1300x1200px-600x554.jpg 600w, https:\/\/enix.pl\/app\/uploads\/2021\/04\/Libra_L_miniatura_1300x1200px-300x277.jpg 300w, https:\/\/enix.pl\/app\/uploads\/2021\/04\/Libra_L_miniatura_1300x1200px-768x709.jpg 768w, https:\/\/enix.pl\/app\/uploads\/2021\/04\/Libra_L_miniatura_1300x1200px.jpg 1300w\" sizes=\"(max-width: 1024px) 100vw, 1024px\" \/>            <\/a>\n                    <div class=\"products-list__info\">\n            <h3>\n              <a href=\"https:\/\/enix.pl\/de\/produkt\/libra-l\/\">Libra L<\/a>\n            <\/h3>\n          <\/div>\n        <\/div>\n              <div class=\"column col-sm-6 col-md-3\">\n                      <a href=\"https:\/\/enix.pl\/de\/produkt\/boston-b\/\" class=\"products-list__thumbnail\">\n              <img width=\"1024\" height=\"945\" src=\"https:\/\/enix.pl\/app\/uploads\/2021\/04\/Boston_B_miniatura_1300x1200px-1-1024x945.jpg\" class=\"attachment-large size-large wp-post-image\" alt=\"Grzejnik Boston B\" loading=\"lazy\" srcset=\"https:\/\/enix.pl\/app\/uploads\/2021\/04\/Boston_B_miniatura_1300x1200px-1-1024x945.jpg 1024w, https:\/\/enix.pl\/app\/uploads\/2021\/04\/Boston_B_miniatura_1300x1200px-1-600x554.jpg 600w, https:\/\/enix.pl\/app\/uploads\/2021\/04\/Boston_B_miniatura_1300x1200px-1-300x277.jpg 300w, https:\/\/enix.pl\/app\/uploads\/2021\/04\/Boston_B_miniatura_1300x1200px-1-768x709.jpg 768w, https:\/\/enix.pl\/app\/uploads\/2021\/04\/Boston_B_miniatura_1300x1200px-1.jpg 1300w\" sizes=\"(max-width: 1024px) 100vw, 1024px\" \/>            <\/a>\n                    <div class=\"products-list__info\">\n            <h3>\n              <a href=\"https:\/\/enix.pl\/de\/produkt\/boston-b\/\">Boston B<\/a>\n            <\/h3>\n          <\/div>\n        <\/div>\n              <div class=\"column col-sm-6 col-md-3\">\n                      <a href=\"https:\/\/enix.pl\/de\/produkt\/mango-light-ml\/\" class=\"products-list__thumbnail\">\n              <img width=\"1024\" height=\"945\" src=\"https:\/\/enix.pl\/app\/uploads\/2021\/04\/MangoLight_MGL_miniatura_1300x1200px-1024x945.jpg\" class=\"attachment-large size-large wp-post-image\" alt=\"Miniatura grzejnika Mango Light\" loading=\"lazy\" srcset=\"https:\/\/enix.pl\/app\/uploads\/2021\/04\/MangoLight_MGL_miniatura_1300x1200px-1024x945.jpg 1024w, https:\/\/enix.pl\/app\/uploads\/2021\/04\/MangoLight_MGL_miniatura_1300x1200px-600x554.jpg 600w, https:\/\/enix.pl\/app\/uploads\/2021\/04\/MangoLight_MGL_miniatura_1300x1200px-300x277.jpg 300w, https:\/\/enix.pl\/app\/uploads\/2021\/04\/MangoLight_MGL_miniatura_1300x1200px-768x709.jpg 768w, https:\/\/enix.pl\/app\/uploads\/2021\/04\/MangoLight_MGL_miniatura_1300x1200px.jpg 1300w\" sizes=\"(max-width: 1024px) 100vw, 1024px\" \/>            <\/a>\n                    <div class=\"products-list__info\">\n            <h3>\n              <a href=\"https:\/\/enix.pl\/de\/produkt\/mango-light-ml\/\">Mango Light ML<\/a>\n            <\/h3>\n          <\/div>\n        <\/div>\n          <\/div>\n  <\/div>\n<\/section>\n\n\n<section class=\"acf-block outlet-block\">\n  <div class=\"container\">\n    <div class=\"row\">\n            <div class=\"outlet-block__col-content col-lg-4 col-md-5\">\n              <div class=\"outlet-block__content\">\n          <div class=\"outlet-block__content__inner\">\n            <h2 class=\"outlet-block__content__title\">ENIX <span>outlet<\/span><\/h2>\n            <div class=\"outlet-block__content__text\"><p>Sehen Sie sich unsere Heizk\u00f6rper in einem der vielen Ausstellungsr\u00e4ume an oder vereinbaren Sie einen Termin mit unserem Vertreter:<\/p>\n<\/div>\n            <a href=\"https:\/\/enix.pl\/de\/outlet\/\" class=\"outlet-block__content__button button button--white--outline button--arrow\">Geh zu dem Laden <span class=\"icon svg-container\" aria-hidden=\"true\"><svg width=\"17\" height=\"8\" viewBox=\"0 0 17 8\" fill=\"none\" xmlns=\"http:\/\/www.w3.org\/2000\/svg\">\n<path d=\"M16.3536 4.35355C16.5488 4.15829 16.5488 3.84171 16.3536 3.64645L13.1716 0.464466C12.9763 0.269204 12.6597 0.269204 12.4645 0.464466C12.2692 0.659728 12.2692 0.976311 12.4645 1.17157L15.2929 4L12.4645 6.82843C12.2692 7.02369 12.2692 7.34027 12.4645 7.53553C12.6597 7.7308 12.9763 7.7308 13.1716 7.53553L16.3536 4.35355ZM0 4.5L16 4.5V3.5L0 3.5L0 4.5Z\" fill=\"#a6a6a6\"\/>\n<\/svg>\n<\/span><\/a>\n          <\/div>\n        <\/div>\n      <\/div>\n            <div class=\"outlet-block__col-image col-lg-8 col-md-7\">\n              <div class=\"outlet-block__image\" style=\"background-image: url(https:\/\/enix.pl\/app\/uploads\/2021\/03\/Madera-Plus-fragmnent-3-1.jpg)\"><\/div>\n      <\/div>\n    <\/div>\n  <\/div>\n<\/section>\n","protected":false},"excerpt":{"rendered":"","protected":false},"author":3,"featured_media":0,"parent":0,"menu_order":0,"comment_status":"closed","ping_status":"closed","template":"","meta":[],"yoast_head":"<!-- This site is optimized with the Yoast SEO plugin v16.3 - https:\/\/yoast.com\/wordpress\/plugins\/seo\/ -->\n<title>Dekorative Heizk\u00f6rper, Preis, moderne Raumheizk\u00f6rper, Badheizk\u00f6rper, Elektroheizk\u00f6rper<\/title>\n<meta name=\"description\" content=\"Dekorative Heizk\u00f6rper, Preis, moderne Raumheizk\u00f6rper, Badheizk\u00f6rper, Elektroheizk\u00f6rper Ein bew\u00e4hrter Hersteller von Radiatoren. Hersteller von Heizk\u00f6rpern und Heizungszubeh\u00f6r ENIX.\" \/>\n<meta name=\"robots\" content=\"index, follow, max-snippet:-1, max-image-preview:large, max-video-preview:-1\" \/>\n<link rel=\"canonical\" href=\"https:\/\/enix.pl\/de\/produkte\/\" \/>\n<meta property=\"og:locale\" content=\"de_DE\" \/>\n<meta property=\"og:type\" content=\"article\" \/>\n<meta property=\"og:title\" content=\"Dekorative Heizk\u00f6rper, Preis, moderne Raumheizk\u00f6rper, Badheizk\u00f6rper, Elektroheizk\u00f6rper\" \/>\n<meta property=\"og:description\" content=\"Dekorative Heizk\u00f6rper, Preis, moderne Raumheizk\u00f6rper, Badheizk\u00f6rper, Elektroheizk\u00f6rper Ein bew\u00e4hrter Hersteller von Radiatoren. Hersteller von Heizk\u00f6rpern und Heizungszubeh\u00f6r ENIX.\" \/>\n<meta property=\"og:url\" content=\"https:\/\/enix.pl\/de\/produkte\/\" \/>\n<meta property=\"og:site_name\" content=\"ENIX\" \/>\n<meta property=\"article:publisher\" content=\"https:\/\/www.facebook.com\/ENIXCreateUBoZ3G9vlGY7Eg\" \/>\n<meta property=\"article:modified_time\" content=\"2021-08-04T08:48:17+00:00\" \/>\n<meta name=\"twitter:card\" content=\"summary_large_image\" \/>\n<script type=\"application\/ld+json\" class=\"yoast-schema-graph\">{\"@context\":\"https:\/\/schema.org\",\"@graph\":[{\"@type\":\"Organization\",\"@id\":\"https:\/\/enix.pl\/#organization\",\"name\":\"Enix sp. z o.o.\",\"url\":\"https:\/\/enix.pl\/\",\"sameAs\":[\"https:\/\/www.facebook.com\/ENIXCreateUBoZ3G9vlGY7Eg\",\"https:\/\/www.instagram.com\/enix.create\/\",\"https:\/\/pl.linkedin.com\/company\/enix-sp-z-o-o-\",\"https:\/\/pl.pinterest.com\/enixcreate\/\"],\"logo\":{\"@type\":\"ImageObject\",\"@id\":\"https:\/\/enix.pl\/#logo\",\"inLanguage\":\"de-DE\",\"url\":\"https:\/\/enix.pl\/app\/uploads\/2021\/06\/logo-enix.svg\",\"contentUrl\":\"https:\/\/enix.pl\/app\/uploads\/2021\/06\/logo-enix.svg\",\"width\":168,\"height\":32,\"caption\":\"Enix sp. z o.o.\"},\"image\":{\"@id\":\"https:\/\/enix.pl\/#logo\"}},{\"@type\":\"WebSite\",\"@id\":\"https:\/\/enix.pl\/#website\",\"url\":\"https:\/\/enix.pl\/\",\"name\":\"ENIX\",\"description\":\"Hersteller von Heizk\\u00f6rpern\",\"publisher\":{\"@id\":\"https:\/\/enix.pl\/#organization\"},\"potentialAction\":[{\"@type\":\"SearchAction\",\"target\":\"https:\/\/enix.pl\/?s={search_term_string}\",\"query-input\":\"required name=search_term_string\"}],\"inLanguage\":\"de-DE\"},{\"@type\":\"WebPage\",\"@id\":\"https:\/\/enix.pl\/de\/produkte\/#webpage\",\"url\":\"https:\/\/enix.pl\/de\/produkte\/\",\"name\":\"Dekorative Heizk\\u00f6rper, Preis, moderne Raumheizk\\u00f6rper, Badheizk\\u00f6rper, Elektroheizk\\u00f6rper\",\"isPartOf\":{\"@id\":\"https:\/\/enix.pl\/#website\"},\"datePublished\":\"2021-03-02T14:29:28+00:00\",\"dateModified\":\"2021-08-04T08:48:17+00:00\",\"description\":\"Dekorative Heizk\\u00f6rper, Preis, moderne Raumheizk\\u00f6rper, Badheizk\\u00f6rper, Elektroheizk\\u00f6rper Ein bew\\u00e4hrter Hersteller von Radiatoren. Hersteller von Heizk\\u00f6rpern und Heizungszubeh\\u00f6r ENIX.\",\"breadcrumb\":{\"@id\":\"https:\/\/enix.pl\/de\/produkte\/#breadcrumb\"},\"inLanguage\":\"de-DE\",\"potentialAction\":[{\"@type\":\"ReadAction\",\"target\":[\"https:\/\/enix.pl\/de\/produkte\/\"]}]},{\"@type\":\"BreadcrumbList\",\"@id\":\"https:\/\/enix.pl\/de\/produkte\/#breadcrumb\",\"itemListElement\":[{\"@type\":\"ListItem\",\"position\":1,\"item\":{\"@type\":\"WebPage\",\"@id\":\"https:\/\/enix.pl\/de\/\",\"url\":\"https:\/\/enix.pl\/de\/\",\"name\":\"Strona g\\u0142\\u00f3wna\"}},{\"@type\":\"ListItem\",\"position\":2,\"item\":{\"@id\":\"https:\/\/enix.pl\/de\/produkte\/#webpage\"}}]}]}<\/script>\n<!-- \/ Yoast SEO plugin. -->","_links":{"self":[{"href":"https:\/\/enix.pl\/de\/wp-json\/wp\/v2\/pages\/30843"}],"collection":[{"href":"https:\/\/enix.pl\/de\/wp-json\/wp\/v2\/pages"}],"about":[{"href":"https:\/\/enix.pl\/de\/wp-json\/wp\/v2\/types\/page"}],"author":[{"embeddable":true,"href":"https:\/\/enix.pl\/de\/wp-json\/wp\/v2\/users\/3"}],"replies":[{"embeddable":true,"href":"https:\/\/enix.pl\/de\/wp-json\/wp\/v2\/comments?post=30843"}],"version-history":[{"count":25,"href":"https:\/\/enix.pl\/de\/wp-json\/wp\/v2\/pages\/30843\/revisions"}],"predecessor-version":[{"id":31343,"href":"https:\/\/enix.pl\/de\/wp-json\/wp\/v2\/pages\/30843\/revisions\/31343"}],"wp:attachment":[{"href":"https:\/\/enix.pl\/de\/wp-json\/wp\/v2\/media?parent=30843"}],"curies":[{"name":"wp","href":"https:\/\/api.w.org\/{rel}","templated":true}]}}