{"id":31445,"date":"2021-04-13T09:52:34","date_gmt":"2021-04-13T09:52:34","guid":{"rendered":"https:\/\/enix.pl\/ueber-die-firma\/"},"modified":"2021-08-10T07:36:05","modified_gmt":"2021-08-10T07:36:05","slug":"ueber-die-firma","status":"publish","type":"page","link":"https:\/\/enix.pl\/de\/ueber-die-firma\/","title":{"rendered":"\u00dcber die Firma"},"content":{"rendered":"\n<div class=\"wp-block-columns\">\n<div class=\"wp-block-column\" style=\"flex-basis:100%\"><section class=\"acf-block hero-carousel\">\n  <div class=\"swiper-container js-carousel\">\n    <div class=\"swiper-wrapper\">\n              <div class=\"swiper-slide slide\">\n          <div class=\"container\">\n            <div class=\"row\">\n              <div class=\"slide__image\">\n                <img src=\"https:\/\/enix.pl\/app\/uploads\/2021\/05\/ENIX_log0_535px.png\" alt=\"\">\n                <div class=\"slide__pagination\">\n                  <p class=\"slide__pagination__start\">01<\/p>\n                  <div class=\"slide__pagination__progress\"><\/div>\n                  <p class=\"slide__pagination__stop\">03<\/p>\n                <\/div>\n              <\/div>\n              <div class=\"slide__content\">\n                <p class=\"slide__content__title\">\n                  ENIX\n                  <span class=\"slide__content__title__serie\">ENIX<\/span>\n                <\/p>\n                <div class=\"slide__content__producer\">\n                  <img src=\"\" class=\"slide__content__producer__logo\" \/>\n                  <p class=\"slide__content__producer__name\">30 Jahre Erfahrung<\/p>\n                <\/div>\n                <div class=\"slide__content__text\"><p>Seit 1990 Wir schaffen innovative L\u00f6sungen im Bereich der Heiztechnik.<\/p>\n<\/div>\n                                <button type=\"button\" class=\"slide__content__scroll\"><span class=\"icon\" aria-hidden=\"true\"><svg width=\"8\" height=\"17\" viewBox=\"0 0 8 17\" fill=\"none\" xmlns=\"http:\/\/www.w3.org\/2000\/svg\">\n<path d=\"M3.64645 16.3536C3.84171 16.5488 4.15829 16.5488 4.35355 16.3536L7.53553 13.1716C7.7308 12.9763 7.7308 12.6597 7.53553 12.4645C7.34027 12.2692 7.02369 12.2692 6.82843 12.4645L4 15.2929L1.17157 12.4645C0.97631 12.2692 0.659728 12.2692 0.464466 12.4645C0.269203 12.6597 0.269203 12.9763 0.464466 13.1716L3.64645 16.3536ZM3.5 -2.18557e-08L3.5 16L4.5 16L4.5 2.18557e-08L3.5 -2.18557e-08Z\" fill=\"#E30613\"\/>\n<\/svg>\n<\/span> unten<\/button>\n              <\/div>\n                            <div class=\"slide__navigation\">\n                <button type=\"button\" aria-label=\"Vorheriges Produkt\" class=\"slide__navigation__prev\">\n                  <img src=\"https:\/\/enix.pl\/app\/uploads\/2021\/05\/ENIX_log0_535px.png\" alt=\"\">\n                  <span class=\"icon\" aria-hidden=\"true\"><svg fill=\"none\" xmlns=\"http:\/\/www.w3.org\/2000\/svg\" viewBox=\"0 0 13 24\">\n  <path d=\"M0.588623 0.632202L11.9994 12.043L0.588623 23.4537\" stroke=\"#606060\"\/>\n<\/svg>\n<\/span>\n                <\/button>\n                <button type=\"button\" aria-label=\"N\u00e4chstes Produkt\" class=\"slide__navigation__next\">\n                  <span class=\"slide__navigation__next__title\">ENIX<\/span>\n                  <span class=\"slide__navigation__next__serie\">\n                    <span class=\"meta\">ENIX<\/span>\n                    <span class=\"icon\" aria-hidden=\"true\"><svg fill=\"none\" xmlns=\"http:\/\/www.w3.org\/2000\/svg\" viewBox=\"0 0 13 24\">\n  <path d=\"M0.588623 0.632202L11.9994 12.043L0.588623 23.4537\" stroke=\"#606060\"\/>\n<\/svg>\n<\/span>\n                  <\/span>\n                <\/button>\n              <\/div>\n            <\/div>\n          <\/div>\n        <\/div>\n              <div class=\"swiper-slide slide\">\n          <div class=\"container\">\n            <div class=\"row\">\n              <div class=\"slide__image\">\n                <img src=\"https:\/\/enix.pl\/app\/uploads\/2021\/05\/ENIX_log0_535px.png\" alt=\"\">\n                <div class=\"slide__pagination\">\n                  <p class=\"slide__pagination__start\">01<\/p>\n                  <div class=\"slide__pagination__progress\"><\/div>\n                  <p class=\"slide__pagination__stop\">03<\/p>\n                <\/div>\n              <\/div>\n              <div class=\"slide__content\">\n                <p class=\"slide__content__title\">\n                  ENIX\n                  <span class=\"slide__content__title__serie\">ENIX<\/span>\n                <\/p>\n                <div class=\"slide__content__producer\">\n                  <img src=\"\" class=\"slide__content__producer__logo\" \/>\n                  <p class=\"slide__content__producer__name\">einzigartiges Design<\/p>\n                <\/div>\n                <div class=\"slide__content__text\"><p><span style=\"font-weight: 400;\">Wir kreieren Heizk\u00f6rper, deren<\/span><b>Design<\/b> <span style=\"font-weight: 400;\">und<\/span><b>Funktionalit\u00e4t<\/b> <span style=\"font-weight: 400;\">dazu beitragen, ein warmes Zuhause zu schaffen, von dem jeder von uns tr\u00e4umt.<\/span> <\/p>\n<\/div>\n                                <button type=\"button\" class=\"slide__content__scroll\"><span class=\"icon\" aria-hidden=\"true\"><svg width=\"8\" height=\"17\" viewBox=\"0 0 8 17\" fill=\"none\" xmlns=\"http:\/\/www.w3.org\/2000\/svg\">\n<path d=\"M3.64645 16.3536C3.84171 16.5488 4.15829 16.5488 4.35355 16.3536L7.53553 13.1716C7.7308 12.9763 7.7308 12.6597 7.53553 12.4645C7.34027 12.2692 7.02369 12.2692 6.82843 12.4645L4 15.2929L1.17157 12.4645C0.97631 12.2692 0.659728 12.2692 0.464466 12.4645C0.269203 12.6597 0.269203 12.9763 0.464466 13.1716L3.64645 16.3536ZM3.5 -2.18557e-08L3.5 16L4.5 16L4.5 2.18557e-08L3.5 -2.18557e-08Z\" fill=\"#E30613\"\/>\n<\/svg>\n<\/span> unten<\/button>\n              <\/div>\n                            <div class=\"slide__navigation\">\n                <button type=\"button\" aria-label=\"Vorheriges Produkt\" class=\"slide__navigation__prev\">\n                  <img src=\"https:\/\/enix.pl\/app\/uploads\/2021\/05\/ENIX_log0_535px.png\" alt=\"\">\n                  <span class=\"icon\" aria-hidden=\"true\"><svg fill=\"none\" xmlns=\"http:\/\/www.w3.org\/2000\/svg\" viewBox=\"0 0 13 24\">\n  <path d=\"M0.588623 0.632202L11.9994 12.043L0.588623 23.4537\" stroke=\"#606060\"\/>\n<\/svg>\n<\/span>\n                <\/button>\n                <button type=\"button\" aria-label=\"N\u00e4chstes Produkt\" class=\"slide__navigation__next\">\n                  <span class=\"slide__navigation__next__title\">ENIX<\/span>\n                  <span class=\"slide__navigation__next__serie\">\n                    <span class=\"meta\">ENIX<\/span>\n                    <span class=\"icon\" aria-hidden=\"true\"><svg fill=\"none\" xmlns=\"http:\/\/www.w3.org\/2000\/svg\" viewBox=\"0 0 13 24\">\n  <path d=\"M0.588623 0.632202L11.9994 12.043L0.588623 23.4537\" stroke=\"#606060\"\/>\n<\/svg>\n<\/span>\n                  <\/span>\n                <\/button>\n              <\/div>\n            <\/div>\n          <\/div>\n        <\/div>\n              <div class=\"swiper-slide slide\">\n          <div class=\"container\">\n            <div class=\"row\">\n              <div class=\"slide__image\">\n                <img src=\"https:\/\/enix.pl\/app\/uploads\/2021\/05\/ENIX_log0_535px.png\" alt=\"\">\n                <div class=\"slide__pagination\">\n                  <p class=\"slide__pagination__start\">01<\/p>\n                  <div class=\"slide__pagination__progress\"><\/div>\n                  <p class=\"slide__pagination__stop\">03<\/p>\n                <\/div>\n              <\/div>\n              <div class=\"slide__content\">\n                <p class=\"slide__content__title\">\n                  ENIX\n                  <span class=\"slide__content__title__serie\">ENIX<\/span>\n                <\/p>\n                <div class=\"slide__content__producer\">\n                  <img src=\"\" class=\"slide__content__producer__logo\" \/>\n                  <p class=\"slide__content__producer__name\">unvergleichliche Qualit\u00e4t<\/p>\n                <\/div>\n                <div class=\"slide__content__text\"><p><span style=\"font-weight: 400;\">Unsere Produkte werden mit viel Liebe zum Detail und Sorgfalt hergestellt, um eine jahrelange Haltbarkeit zu gew\u00e4hrleisten.<\/span><\/p>\n<\/div>\n                                <button type=\"button\" class=\"slide__content__scroll\"><span class=\"icon\" aria-hidden=\"true\"><svg width=\"8\" height=\"17\" viewBox=\"0 0 8 17\" fill=\"none\" xmlns=\"http:\/\/www.w3.org\/2000\/svg\">\n<path d=\"M3.64645 16.3536C3.84171 16.5488 4.15829 16.5488 4.35355 16.3536L7.53553 13.1716C7.7308 12.9763 7.7308 12.6597 7.53553 12.4645C7.34027 12.2692 7.02369 12.2692 6.82843 12.4645L4 15.2929L1.17157 12.4645C0.97631 12.2692 0.659728 12.2692 0.464466 12.4645C0.269203 12.6597 0.269203 12.9763 0.464466 13.1716L3.64645 16.3536ZM3.5 -2.18557e-08L3.5 16L4.5 16L4.5 2.18557e-08L3.5 -2.18557e-08Z\" fill=\"#E30613\"\/>\n<\/svg>\n<\/span> unten<\/button>\n              <\/div>\n                            <div class=\"slide__navigation\">\n                <button type=\"button\" aria-label=\"Vorheriges Produkt\" class=\"slide__navigation__prev\">\n                  <img src=\"https:\/\/enix.pl\/app\/uploads\/2021\/05\/ENIX_log0_535px.png\" alt=\"\">\n                  <span class=\"icon\" aria-hidden=\"true\"><svg fill=\"none\" xmlns=\"http:\/\/www.w3.org\/2000\/svg\" viewBox=\"0 0 13 24\">\n  <path d=\"M0.588623 0.632202L11.9994 12.043L0.588623 23.4537\" stroke=\"#606060\"\/>\n<\/svg>\n<\/span>\n                <\/button>\n                <button type=\"button\" aria-label=\"N\u00e4chstes Produkt\" class=\"slide__navigation__next\">\n                  <span class=\"slide__navigation__next__title\">ENIX<\/span>\n                  <span class=\"slide__navigation__next__serie\">\n                    <span class=\"meta\">ENIX<\/span>\n                    <span class=\"icon\" aria-hidden=\"true\"><svg fill=\"none\" xmlns=\"http:\/\/www.w3.org\/2000\/svg\" viewBox=\"0 0 13 24\">\n  <path d=\"M0.588623 0.632202L11.9994 12.043L0.588623 23.4537\" stroke=\"#606060\"\/>\n<\/svg>\n<\/span>\n                  <\/span>\n                <\/button>\n              <\/div>\n            <\/div>\n          <\/div>\n        <\/div>\n          <\/div>\n    <div class=\"swiper-pagination\"><\/div>\n  <\/div>\n<\/section>\n<\/div>\n<\/div>\n<section class=\"text-block\">\n  <div class=\"container\">\n    <h6>Wir verleihen der h\u00e4uslichen W\u00e4rme Sch\u00f6nheit<\/h6>\n<p>Seit 30 Jahren konzipieren und setzen wir innovative L\u00f6sungen im Bereich der Heiztechnik um. Mit jedem Produkt bieten wir Qualit\u00e4t und Design, die sonst nirgendwo zu finden sind.<\/p>\n<p>&nbsp;<\/p>\n<p>&nbsp;<\/p>\n<h6>Wir schaffen neue Standards<\/h6>\n<p>Wir sind eine solide polnische Marke, die auf 25 M\u00e4rkten pr\u00e4sent ist. Wir sammeln Wissen und Erfahrung, um noch besser f\u00fcr Ihre W\u00e4rme zu sorgen.<br \/>\nWir streben st\u00e4ndig nach h\u00f6chster Umsetzungs- und Servicekompetenz. Dies ist der Sinn unserer Arbeit.<\/p>\n<p>Wir sind ein zuverl\u00e4ssiger Partner.<\/p>\n<p>&nbsp;<\/p>\n<p>&nbsp;<\/p>\n<h6>Wir tragen Verantwortung f\u00fcr die Zukunft<\/h6>\n<p>Wir setzen auf Verantwortung und \u00d6kologie im Produktionsprozess. Wir gehen rationell mit Ressourcen um und begrenzen oder recyceln Abf\u00e4lle, wann immer m\u00f6glich. Wir kontrollieren auch die Menge an Staub und Gasen, die an die Atmosph\u00e4re abgef\u00fchrt werden.<\/p>\n<p>Wir gehen jeden Schritt mit dem Gedanken an Sie und die kontinuierliche Verbesserung Ihres Lebensstandards.<\/p>\n  <\/div>\n<\/section>\n<section class=\"acf-block product-gallery\">\n  <div class=\"container\">\n    <div class=\"row\">\n              <div class=\"col col-12 col-md-6\">\n          <a href=\"https:\/\/enix.pl\/app\/uploads\/2021\/04\/ENIX_produkcja_grzejnikow_6.jpg\" class=\"fancybox\" rel=\"group\" data-caption=\"Piec lutowniczy\"><img width=\"1024\" height=\"682\" src=\"https:\/\/enix.pl\/app\/uploads\/2021\/04\/ENIX_produkcja_grzejnikow_6-1024x682.jpg\" class=\"attachment-large size-large\" alt=\"Piec lutowniczy\" loading=\"lazy\" srcset=\"https:\/\/enix.pl\/app\/uploads\/2021\/04\/ENIX_produkcja_grzejnikow_6-1024x682.jpg 1024w, https:\/\/enix.pl\/app\/uploads\/2021\/04\/ENIX_produkcja_grzejnikow_6-600x400.jpg 600w, https:\/\/enix.pl\/app\/uploads\/2021\/04\/ENIX_produkcja_grzejnikow_6-300x200.jpg 300w, https:\/\/enix.pl\/app\/uploads\/2021\/04\/ENIX_produkcja_grzejnikow_6-768x512.jpg 768w, https:\/\/enix.pl\/app\/uploads\/2021\/04\/ENIX_produkcja_grzejnikow_6-1536x1024.jpg 1536w, https:\/\/enix.pl\/app\/uploads\/2021\/04\/ENIX_produkcja_grzejnikow_6.jpg 2000w\" sizes=\"(max-width: 1024px) 100vw, 1024px\" \/><\/a>\n        <\/div>\n              <div class=\"col col-12 col-md-6\">\n          <a href=\"https:\/\/enix.pl\/app\/uploads\/2021\/04\/ENIX_produkcja_grzejnikow_5.jpg\" class=\"fancybox\" rel=\"group\" data-caption=\"\"><img width=\"1024\" height=\"682\" src=\"https:\/\/enix.pl\/app\/uploads\/2021\/04\/ENIX_produkcja_grzejnikow_5-1024x682.jpg\" class=\"attachment-large size-large\" alt=\"\" loading=\"lazy\" srcset=\"https:\/\/enix.pl\/app\/uploads\/2021\/04\/ENIX_produkcja_grzejnikow_5-1024x682.jpg 1024w, https:\/\/enix.pl\/app\/uploads\/2021\/04\/ENIX_produkcja_grzejnikow_5-600x400.jpg 600w, https:\/\/enix.pl\/app\/uploads\/2021\/04\/ENIX_produkcja_grzejnikow_5-300x200.jpg 300w, https:\/\/enix.pl\/app\/uploads\/2021\/04\/ENIX_produkcja_grzejnikow_5-768x512.jpg 768w, https:\/\/enix.pl\/app\/uploads\/2021\/04\/ENIX_produkcja_grzejnikow_5-1536x1024.jpg 1536w, https:\/\/enix.pl\/app\/uploads\/2021\/04\/ENIX_produkcja_grzejnikow_5.jpg 2000w\" sizes=\"(max-width: 1024px) 100vw, 1024px\" \/><\/a>\n        <\/div>\n          <\/div>\n  <\/div>\n<\/section>\n\n<p><\/p>\n","protected":false},"excerpt":{"rendered":"","protected":false},"author":3,"featured_media":0,"parent":0,"menu_order":0,"comment_status":"closed","ping_status":"closed","template":"","meta":[],"yoast_head":"<!-- This site is optimized with the Yoast SEO plugin v16.3 - https:\/\/yoast.com\/wordpress\/plugins\/seo\/ -->\n<title>Moderne Heizk\u00f6rper, Elektroheizk\u00f6rper, Stahlheizk\u00f6rper.<\/title>\n<meta name=\"description\" content=\"Moderne Heizk\u00f6rper, Elektroheizk\u00f6rper, Stahlheizk\u00f6rper. Maximale Temperaturkontrolle.\" \/>\n<meta name=\"robots\" content=\"index, follow, max-snippet:-1, max-image-preview:large, max-video-preview:-1\" \/>\n<link rel=\"canonical\" href=\"https:\/\/enix.pl\/de\/ueber-die-firma\/\" \/>\n<meta property=\"og:locale\" content=\"de_DE\" \/>\n<meta property=\"og:type\" content=\"article\" \/>\n<meta property=\"og:title\" content=\"Moderne Heizk\u00f6rper, Elektroheizk\u00f6rper, Stahlheizk\u00f6rper.\" \/>\n<meta property=\"og:description\" content=\"Moderne Heizk\u00f6rper, Elektroheizk\u00f6rper, Stahlheizk\u00f6rper. Maximale Temperaturkontrolle.\" \/>\n<meta property=\"og:url\" content=\"https:\/\/enix.pl\/de\/ueber-die-firma\/\" \/>\n<meta property=\"og:site_name\" content=\"ENIX\" \/>\n<meta property=\"article:publisher\" content=\"https:\/\/www.facebook.com\/ENIXCreateUBoZ3G9vlGY7Eg\" \/>\n<meta property=\"article:modified_time\" content=\"2021-08-10T07:36:05+00:00\" \/>\n<meta name=\"twitter:card\" content=\"summary_large_image\" \/>\n<script type=\"application\/ld+json\" class=\"yoast-schema-graph\">{\"@context\":\"https:\/\/schema.org\",\"@graph\":[{\"@type\":\"Organization\",\"@id\":\"https:\/\/enix.pl\/#organization\",\"name\":\"Enix sp. z o.o.\",\"url\":\"https:\/\/enix.pl\/\",\"sameAs\":[\"https:\/\/www.facebook.com\/ENIXCreateUBoZ3G9vlGY7Eg\",\"https:\/\/www.instagram.com\/enix.create\/\",\"https:\/\/pl.linkedin.com\/company\/enix-sp-z-o-o-\",\"https:\/\/pl.pinterest.com\/enixcreate\/\"],\"logo\":{\"@type\":\"ImageObject\",\"@id\":\"https:\/\/enix.pl\/#logo\",\"inLanguage\":\"de-DE\",\"url\":\"https:\/\/enix.pl\/app\/uploads\/2021\/06\/logo-enix.svg\",\"contentUrl\":\"https:\/\/enix.pl\/app\/uploads\/2021\/06\/logo-enix.svg\",\"width\":168,\"height\":32,\"caption\":\"Enix sp. z o.o.\"},\"image\":{\"@id\":\"https:\/\/enix.pl\/#logo\"}},{\"@type\":\"WebSite\",\"@id\":\"https:\/\/enix.pl\/#website\",\"url\":\"https:\/\/enix.pl\/\",\"name\":\"ENIX\",\"description\":\"Hersteller von Heizk\\u00f6rpern\",\"publisher\":{\"@id\":\"https:\/\/enix.pl\/#organization\"},\"potentialAction\":[{\"@type\":\"SearchAction\",\"target\":\"https:\/\/enix.pl\/?s={search_term_string}\",\"query-input\":\"required name=search_term_string\"}],\"inLanguage\":\"de-DE\"},{\"@type\":\"WebPage\",\"@id\":\"https:\/\/enix.pl\/de\/ueber-die-firma\/#webpage\",\"url\":\"https:\/\/enix.pl\/de\/ueber-die-firma\/\",\"name\":\"Moderne Heizk\\u00f6rper, Elektroheizk\\u00f6rper, Stahlheizk\\u00f6rper.\",\"isPartOf\":{\"@id\":\"https:\/\/enix.pl\/#website\"},\"datePublished\":\"2021-04-13T09:52:34+00:00\",\"dateModified\":\"2021-08-10T07:36:05+00:00\",\"description\":\"Moderne Heizk\\u00f6rper, Elektroheizk\\u00f6rper, Stahlheizk\\u00f6rper. Maximale Temperaturkontrolle.\",\"breadcrumb\":{\"@id\":\"https:\/\/enix.pl\/de\/ueber-die-firma\/#breadcrumb\"},\"inLanguage\":\"de-DE\",\"potentialAction\":[{\"@type\":\"ReadAction\",\"target\":[\"https:\/\/enix.pl\/de\/ueber-die-firma\/\"]}]},{\"@type\":\"BreadcrumbList\",\"@id\":\"https:\/\/enix.pl\/de\/ueber-die-firma\/#breadcrumb\",\"itemListElement\":[{\"@type\":\"ListItem\",\"position\":1,\"item\":{\"@type\":\"WebPage\",\"@id\":\"https:\/\/enix.pl\/de\/\",\"url\":\"https:\/\/enix.pl\/de\/\",\"name\":\"Strona g\\u0142\\u00f3wna\"}},{\"@type\":\"ListItem\",\"position\":2,\"item\":{\"@id\":\"https:\/\/enix.pl\/de\/ueber-die-firma\/#webpage\"}}]}]}<\/script>\n<!-- \/ Yoast SEO plugin. -->","_links":{"self":[{"href":"https:\/\/enix.pl\/de\/wp-json\/wp\/v2\/pages\/31445"}],"collection":[{"href":"https:\/\/enix.pl\/de\/wp-json\/wp\/v2\/pages"}],"about":[{"href":"https:\/\/enix.pl\/de\/wp-json\/wp\/v2\/types\/page"}],"author":[{"embeddable":true,"href":"https:\/\/enix.pl\/de\/wp-json\/wp\/v2\/users\/3"}],"replies":[{"embeddable":true,"href":"https:\/\/enix.pl\/de\/wp-json\/wp\/v2\/comments?post=31445"}],"version-history":[{"count":1,"href":"https:\/\/enix.pl\/de\/wp-json\/wp\/v2\/pages\/31445\/revisions"}],"predecessor-version":[{"id":31446,"href":"https:\/\/enix.pl\/de\/wp-json\/wp\/v2\/pages\/31445\/revisions\/31446"}],"wp:attachment":[{"href":"https:\/\/enix.pl\/de\/wp-json\/wp\/v2\/media?parent=31445"}],"curies":[{"name":"wp","href":"https:\/\/api.w.org\/{rel}","templated":true}]}}