{"id":30067,"date":"2021-03-02T14:30:25","date_gmt":"2021-03-02T14:30:25","guid":{"rendered":"https:\/\/enix.pl\/contact\/"},"modified":"2025-11-10T17:42:05","modified_gmt":"2025-11-10T17:42:05","slug":"contact","status":"publish","type":"page","link":"https:\/\/enix.pl\/en\/contact\/","title":{"rendered":"Contact"},"content":{"rendered":"<section class=\"acf-block page-title\" id=\"\">\n  <div class=\"container\">\n    <h1 class=\"page-title__headline\">Contact<\/h1>\n  <\/div>\n<\/section>\n<section class=\"acf-block contact-blocks\">\n  <div class=\"container\">\n              <p class=\"contact-blocks__subtitle\">In\u017cynierska Agencja Projektowo &#8211; Budowlana &#8220;ENIX&#8221; sp. z o.o.<\/p>\n        <div class=\"row\">\n                            <div class=\"column col-md-4\">\n          <div class=\"contact-block\">\n                                                              <p class=\"contact-block__details\"><p>ul. Domaga\u0142y 1, 30-841 Krak\u00f3w<br \/>\nPOLAND<br \/>\nVAT no.: 6760010214<br \/>\nCompany Reg. no.: 003906994<\/p>\n<\/p>\n                      <\/div>\n        <\/div>\n                      <div class=\"column col-md-4\">\n          <div class=\"contact-block\">\n                                                              <p class=\"contact-block__details\"><p><strong>Sales Office<\/strong><br \/>\nP\u00f3\u0142\u0142anki 62a,<br \/>\n30-740 Krak\u00f3w<\/p>\n<\/p>\n                      <\/div>\n        <\/div>\n                      <div class=\"column col-md-4\">\n          <div class=\"contact-block\">\n                                                              <p class=\"contact-block__details\"><p>tel.\/fax: <a href=\"tel:+48%2012%20653%2053%2041\">+48 12 653 53 41<\/a><br \/>\n<a href=\"mailto:office@enix.pl\">office@enix.pl<\/a><\/p>\n<\/p>\n                      <\/div>\n        <\/div>\n          <\/div>\n  <\/div>\n<\/section>\n<section class=\"text-block\">\n  <div class=\"container\">\n    <p><script type=\"application\/ld+json\"> { \"@context\": \"https:\/\/schema.org\", \"@type\": \"LocalBusiness\", \"name\": \"In\u017cynierska Agencja Projektowo \u2013 Budowlana \u201eEnix\u201d sp. z o.o.\", \"image\": \"https:\/\/enix.pl\/app\/themes\/enix\/dist\/images\/logo.svg\", \"@id\": \"\", \"url\": \"https:\/\/enix.pl\/\", \"telephone\": \"+48 601 180 462\", \"priceRange\": \"$\", \"address\": { \"@type\": \"PostalAddress\", \"streetAddress\": \"ul. Domaga\u0142y 1\", \"addressLocality\": \"Krak\u00f3w\", \"postalCode\": \"30-841\", \"addressCountry\": \"PL\" }, \"geo\": { \"@type\": \"GeoCoordinates\", \"latitude\": 50.0300572, \"longitude\": 20.0513629 } } <\/script><\/p>\n  <\/div>\n<\/section>\n","protected":false},"excerpt":{"rendered":"","protected":false},"author":3,"featured_media":0,"parent":0,"menu_order":0,"comment_status":"closed","ping_status":"closed","template":"","meta":[],"yoast_head":"<!-- This site is optimized with the Yoast SEO plugin v16.3 - https:\/\/yoast.com\/wordpress\/plugins\/seo\/ -->\n<title>ENIX Contact | Customer Service Office, Address and Contact Details<\/title>\n<meta name=\"description\" content=\"Do you need expert advice, technical support, or want to establish cooperation? Contact the ENIX Customer Service Office.\" \/>\n<meta name=\"robots\" content=\"index, follow, max-snippet:-1, max-image-preview:large, max-video-preview:-1\" \/>\n<link rel=\"canonical\" href=\"https:\/\/enix.pl\/en\/contact\/\" \/>\n<meta property=\"og:locale\" content=\"en_US\" \/>\n<meta property=\"og:type\" content=\"article\" \/>\n<meta property=\"og:title\" content=\"ENIX Contact | Customer Service Office, Address and Contact Details\" \/>\n<meta property=\"og:description\" content=\"Do you need expert advice, technical support, or want to establish cooperation? Contact the ENIX Customer Service Office.\" \/>\n<meta property=\"og:url\" content=\"https:\/\/enix.pl\/en\/contact\/\" \/>\n<meta property=\"og:site_name\" content=\"ENIX\" \/>\n<meta property=\"article:publisher\" content=\"https:\/\/www.facebook.com\/ENIXCreateUBoZ3G9vlGY7Eg\" \/>\n<meta property=\"article:modified_time\" content=\"2025-11-10T17:42:05+00:00\" \/>\n<meta name=\"twitter:card\" content=\"summary_large_image\" \/>\n<script type=\"application\/ld+json\" class=\"yoast-schema-graph\">{\"@context\":\"https:\/\/schema.org\",\"@graph\":[{\"@type\":\"Organization\",\"@id\":\"https:\/\/enix.pl\/#organization\",\"name\":\"Enix sp. z o.o.\",\"url\":\"https:\/\/enix.pl\/\",\"sameAs\":[\"https:\/\/www.facebook.com\/ENIXCreateUBoZ3G9vlGY7Eg\",\"https:\/\/www.instagram.com\/enix.create\/\",\"https:\/\/pl.linkedin.com\/company\/enix-sp-z-o-o-\",\"https:\/\/pl.pinterest.com\/enixcreate\/\"],\"logo\":{\"@type\":\"ImageObject\",\"@id\":\"https:\/\/enix.pl\/#logo\",\"inLanguage\":\"en-US\",\"url\":\"https:\/\/enix.pl\/app\/uploads\/2021\/06\/logo-enix.svg\",\"contentUrl\":\"https:\/\/enix.pl\/app\/uploads\/2021\/06\/logo-enix.svg\",\"width\":168,\"height\":32,\"caption\":\"Enix sp. z o.o.\"},\"image\":{\"@id\":\"https:\/\/enix.pl\/#logo\"}},{\"@type\":\"WebSite\",\"@id\":\"https:\/\/enix.pl\/#website\",\"url\":\"https:\/\/enix.pl\/\",\"name\":\"ENIX\",\"description\":\"Manufacturer of radiators\",\"publisher\":{\"@id\":\"https:\/\/enix.pl\/#organization\"},\"potentialAction\":[{\"@type\":\"SearchAction\",\"target\":\"https:\/\/enix.pl\/?s={search_term_string}\",\"query-input\":\"required name=search_term_string\"}],\"inLanguage\":\"en-US\"},{\"@type\":\"WebPage\",\"@id\":\"https:\/\/enix.pl\/en\/contact\/#webpage\",\"url\":\"https:\/\/enix.pl\/en\/contact\/\",\"name\":\"ENIX Contact | Customer Service Office, Address and Contact Details\",\"isPartOf\":{\"@id\":\"https:\/\/enix.pl\/#website\"},\"datePublished\":\"2021-03-02T14:30:25+00:00\",\"dateModified\":\"2025-11-10T17:42:05+00:00\",\"description\":\"Do you need expert advice, technical support, or want to establish cooperation? Contact the ENIX Customer Service Office.\",\"breadcrumb\":{\"@id\":\"https:\/\/enix.pl\/en\/contact\/#breadcrumb\"},\"inLanguage\":\"en-US\",\"potentialAction\":[{\"@type\":\"ReadAction\",\"target\":[\"https:\/\/enix.pl\/en\/contact\/\"]}]},{\"@type\":\"BreadcrumbList\",\"@id\":\"https:\/\/enix.pl\/en\/contact\/#breadcrumb\",\"itemListElement\":[{\"@type\":\"ListItem\",\"position\":1,\"item\":{\"@type\":\"WebPage\",\"@id\":\"https:\/\/enix.pl\/en\/\",\"url\":\"https:\/\/enix.pl\/en\/\",\"name\":\"Strona g\\u0142\\u00f3wna\"}},{\"@type\":\"ListItem\",\"position\":2,\"item\":{\"@id\":\"https:\/\/enix.pl\/en\/contact\/#webpage\"}}]}]}<\/script>\n<!-- \/ Yoast SEO plugin. -->","_links":{"self":[{"href":"https:\/\/enix.pl\/en\/wp-json\/wp\/v2\/pages\/30067"}],"collection":[{"href":"https:\/\/enix.pl\/en\/wp-json\/wp\/v2\/pages"}],"about":[{"href":"https:\/\/enix.pl\/en\/wp-json\/wp\/v2\/types\/page"}],"author":[{"embeddable":true,"href":"https:\/\/enix.pl\/en\/wp-json\/wp\/v2\/users\/3"}],"replies":[{"embeddable":true,"href":"https:\/\/enix.pl\/en\/wp-json\/wp\/v2\/comments?post=30067"}],"version-history":[{"count":42,"href":"https:\/\/enix.pl\/en\/wp-json\/wp\/v2\/pages\/30067\/revisions"}],"predecessor-version":[{"id":42744,"href":"https:\/\/enix.pl\/en\/wp-json\/wp\/v2\/pages\/30067\/revisions\/42744"}],"wp:attachment":[{"href":"https:\/\/enix.pl\/en\/wp-json\/wp\/v2\/media?parent=30067"}],"curies":[{"name":"wp","href":"https:\/\/api.w.org\/{rel}","templated":true}]}}