{"id":31423,"date":"2021-03-02T14:30:25","date_gmt":"2021-03-02T14:30:25","guid":{"rendered":"https:\/\/enix.pl\/kapcsolat\/"},"modified":"2023-12-14T09:39:36","modified_gmt":"2023-12-14T09:39:36","slug":"kapcsolat","status":"publish","type":"page","link":"https:\/\/enix.pl\/hu\/kapcsolat\/","title":{"rendered":"Kapcsolat"},"content":{"rendered":"<section class=\"acf-block page-title\" id=\"\">\n  <div class=\"container\">\n    <h1 class=\"page-title__headline\">Kapcsolat<\/h1>\n  <\/div>\n<\/section>\n\n\n<section class=\"acf-block contact-blocks\">\n  <div class=\"container\">\n              <p class=\"contact-blocks__subtitle\">In\u017cynierska Agencja Projektowo &#8211; Budowlana &#8220;Enix&#8221; sp. z o.o.<\/p>\n        <div class=\"row\">\n                            <div class=\"column col-md-4\">\n          <div class=\"contact-block\">\n                                                              <p class=\"contact-block__details\"><p>ul. Domaga\u0142y 1<br \/>\n30-841 Krak\u00f3w<br \/>\nPOLAND<\/p>\n<\/p>\n                      <\/div>\n        <\/div>\n                      <div class=\"column col-md-4\">\n          <div class=\"contact-block\">\n                                                              <p class=\"contact-block__details\"><p>NIP 6760010214<br \/>\nREGON 003906994<\/p>\n<\/p>\n                      <\/div>\n        <\/div>\n                      <div class=\"column col-md-4\">\n          <div class=\"contact-block\">\n                                                              <p class=\"contact-block__details\"><p>tel.\/fax: <a href=\"tel:+48%2012%20653%2053%2041\">+48 12 653 53 41<\/a><br \/>\n<a href=\"mailto:office@enix.pl\">office@enix.pl<\/a><\/p>\n<\/p>\n                      <\/div>\n        <\/div>\n          <\/div>\n  <\/div>\n<\/section>\n\n\n<section class=\"text-block\">\n  <div class=\"container\">\n    <p><script type=\"application\/ld+json\"> { \"@context\": \"https:\/\/schema.org\", \"@type\": \"LocalBusiness\", \"name\": \"In\u017cynierska Agencja Projektowo \u2013 Budowlana \u201eEnix\u201d sp. z o.o.\", \"image\": \"https:\/\/enix.pl\/app\/themes\/enix\/dist\/images\/logo.svg\", \"@id\": \"\", \"url\": \"https:\/\/enix.pl\/\", \"telephone\": \"+48 601 180 462\", \"priceRange\": \"$\", \"address\": { \"@type\": \"PostalAddress\", \"streetAddress\": \"ul. Domaga\u0142y 1\", \"addressLocality\": \"Krak\u00f3w\", \"postalCode\": \"30-841\", \"addressCountry\": \"PL\" }, \"geo\": { \"@type\": \"GeoCoordinates\", \"latitude\": 50.0300572, \"longitude\": 20.0513629 } } <\/script><\/p>\n  <\/div>\n<\/section>\n","protected":false},"excerpt":{"rendered":"","protected":false},"author":3,"featured_media":0,"parent":0,"menu_order":0,"comment_status":"closed","ping_status":"closed","template":"","meta":[],"yoast_head":"<!-- This site is optimized with the Yoast SEO plugin v16.3 - https:\/\/yoast.com\/wordpress\/plugins\/seo\/ -->\n<title>Kapcsolat - A legmagasabb min\u0151s\u00e9g\u0171 dekorat\u00edv f\u00fcrd\u0151szobai radi\u00e1torok.<\/title>\n<meta name=\"description\" content=\"A legmagasabb min\u0151s\u00e9g\u0171 dekorat\u00edv f\u00fcrd\u0151szobai radi\u00e1torok. Elektromos radi\u00e1torok. Radi\u00e1torok, dekorat\u00edv f\u00fcrd\u0151szobai radi\u00e1torok gy\u00e1rt\u00f3ja - ENIX Vegye fel vel\u00fcnk a kapcsolatot.\" \/>\n<meta name=\"robots\" content=\"index, follow, max-snippet:-1, max-image-preview:large, max-video-preview:-1\" \/>\n<link rel=\"canonical\" href=\"https:\/\/enix.pl\/hu\/kapcsolat\/\" \/>\n<meta property=\"og:locale\" content=\"hu_HU\" \/>\n<meta property=\"og:type\" content=\"article\" \/>\n<meta property=\"og:title\" content=\"Kapcsolat - A legmagasabb min\u0151s\u00e9g\u0171 dekorat\u00edv f\u00fcrd\u0151szobai radi\u00e1torok.\" \/>\n<meta property=\"og:description\" content=\"A legmagasabb min\u0151s\u00e9g\u0171 dekorat\u00edv f\u00fcrd\u0151szobai radi\u00e1torok. Elektromos radi\u00e1torok. Radi\u00e1torok, dekorat\u00edv f\u00fcrd\u0151szobai radi\u00e1torok gy\u00e1rt\u00f3ja - ENIX Vegye fel vel\u00fcnk a kapcsolatot.\" \/>\n<meta property=\"og:url\" content=\"https:\/\/enix.pl\/hu\/kapcsolat\/\" \/>\n<meta property=\"og:site_name\" content=\"ENIX\" \/>\n<meta property=\"article:publisher\" content=\"https:\/\/www.facebook.com\/ENIXCreateUBoZ3G9vlGY7Eg\" \/>\n<meta property=\"article:modified_time\" content=\"2023-12-14T09:39:36+00:00\" \/>\n<meta name=\"twitter:card\" content=\"summary_large_image\" \/>\n<script type=\"application\/ld+json\" class=\"yoast-schema-graph\">{\"@context\":\"https:\/\/schema.org\",\"@graph\":[{\"@type\":\"Organization\",\"@id\":\"https:\/\/enix.pl\/#organization\",\"name\":\"Enix sp. z o.o.\",\"url\":\"https:\/\/enix.pl\/\",\"sameAs\":[\"https:\/\/www.facebook.com\/ENIXCreateUBoZ3G9vlGY7Eg\",\"https:\/\/www.instagram.com\/enix.create\/\",\"https:\/\/pl.linkedin.com\/company\/enix-sp-z-o-o-\",\"https:\/\/pl.pinterest.com\/enixcreate\/\"],\"logo\":{\"@type\":\"ImageObject\",\"@id\":\"https:\/\/enix.pl\/#logo\",\"inLanguage\":\"hu-HU\",\"url\":\"https:\/\/enix.pl\/app\/uploads\/2021\/06\/logo-enix.svg\",\"contentUrl\":\"https:\/\/enix.pl\/app\/uploads\/2021\/06\/logo-enix.svg\",\"width\":168,\"height\":32,\"caption\":\"Enix sp. z o.o.\"},\"image\":{\"@id\":\"https:\/\/enix.pl\/#logo\"}},{\"@type\":\"WebSite\",\"@id\":\"https:\/\/enix.pl\/#website\",\"url\":\"https:\/\/enix.pl\/\",\"name\":\"ENIX\",\"description\":\"A radi\\u00e1torok gy\\u00e1rt\\u00f3ja\",\"publisher\":{\"@id\":\"https:\/\/enix.pl\/#organization\"},\"potentialAction\":[{\"@type\":\"SearchAction\",\"target\":\"https:\/\/enix.pl\/?s={search_term_string}\",\"query-input\":\"required name=search_term_string\"}],\"inLanguage\":\"hu-HU\"},{\"@type\":\"WebPage\",\"@id\":\"https:\/\/enix.pl\/hu\/kapcsolat\/#webpage\",\"url\":\"https:\/\/enix.pl\/hu\/kapcsolat\/\",\"name\":\"Kapcsolat - A legmagasabb min\\u0151s\\u00e9g\\u0171 dekorat\\u00edv f\\u00fcrd\\u0151szobai radi\\u00e1torok.\",\"isPartOf\":{\"@id\":\"https:\/\/enix.pl\/#website\"},\"datePublished\":\"2021-03-02T14:30:25+00:00\",\"dateModified\":\"2023-12-14T09:39:36+00:00\",\"description\":\"A legmagasabb min\\u0151s\\u00e9g\\u0171 dekorat\\u00edv f\\u00fcrd\\u0151szobai radi\\u00e1torok. Elektromos radi\\u00e1torok. Radi\\u00e1torok, dekorat\\u00edv f\\u00fcrd\\u0151szobai radi\\u00e1torok gy\\u00e1rt\\u00f3ja - ENIX Vegye fel vel\\u00fcnk a kapcsolatot.\",\"breadcrumb\":{\"@id\":\"https:\/\/enix.pl\/hu\/kapcsolat\/#breadcrumb\"},\"inLanguage\":\"hu-HU\",\"potentialAction\":[{\"@type\":\"ReadAction\",\"target\":[\"https:\/\/enix.pl\/hu\/kapcsolat\/\"]}]},{\"@type\":\"BreadcrumbList\",\"@id\":\"https:\/\/enix.pl\/hu\/kapcsolat\/#breadcrumb\",\"itemListElement\":[{\"@type\":\"ListItem\",\"position\":1,\"item\":{\"@type\":\"WebPage\",\"@id\":\"https:\/\/enix.pl\/hu\/\",\"url\":\"https:\/\/enix.pl\/hu\/\",\"name\":\"Strona g\\u0142\\u00f3wna\"}},{\"@type\":\"ListItem\",\"position\":2,\"item\":{\"@id\":\"https:\/\/enix.pl\/hu\/kapcsolat\/#webpage\"}}]}]}<\/script>\n<!-- \/ Yoast SEO plugin. -->","_links":{"self":[{"href":"https:\/\/enix.pl\/hu\/wp-json\/wp\/v2\/pages\/31423"}],"collection":[{"href":"https:\/\/enix.pl\/hu\/wp-json\/wp\/v2\/pages"}],"about":[{"href":"https:\/\/enix.pl\/hu\/wp-json\/wp\/v2\/types\/page"}],"author":[{"embeddable":true,"href":"https:\/\/enix.pl\/hu\/wp-json\/wp\/v2\/users\/3"}],"replies":[{"embeddable":true,"href":"https:\/\/enix.pl\/hu\/wp-json\/wp\/v2\/comments?post=31423"}],"version-history":[{"count":19,"href":"https:\/\/enix.pl\/hu\/wp-json\/wp\/v2\/pages\/31423\/revisions"}],"predecessor-version":[{"id":39036,"href":"https:\/\/enix.pl\/hu\/wp-json\/wp\/v2\/pages\/31423\/revisions\/39036"}],"wp:attachment":[{"href":"https:\/\/enix.pl\/hu\/wp-json\/wp\/v2\/media?parent=31423"}],"curies":[{"name":"wp","href":"https:\/\/api.w.org\/{rel}","templated":true}]}}