{"id":31467,"date":"2021-05-05T12:49:34","date_gmt":"2021-05-05T12:49:34","guid":{"rendered":"https:\/\/enix.pl\/c%d1%83%d0%b1%d1%81%d0%b8%d0%b4%d0%b8%d0%b8-%d0%b5%d1%81-2020\/"},"modified":"2021-08-10T07:59:14","modified_gmt":"2021-08-10T07:59:14","slug":"c%d1%83%d0%b1%d1%81%d0%b8%d0%b4%d0%b8%d0%b8-%d0%b5%d1%81-2020","status":"publish","type":"page","link":"https:\/\/enix.pl\/ru\/c%d1%83%d0%b1%d1%81%d0%b8%d0%b4%d0%b8%d0%b8-%d0%b5%d1%81-2020\/","title":{"rendered":"C\u0443\u0431\u0441\u0438\u0434\u0438\u0438 \u0415\u0421 2020"},"content":{"rendered":"<section class=\"acf-block page-title\" id=\"\">\n  <div class=\"container\">\n    <h1 class=\"page-title__headline\">C\u0443\u0431\u0441\u0438\u0434\u0438\u0438 \u0415\u0421 2020<\/h1>\n  <\/div>\n<\/section>\n<section class=\"text-block\">\n  <div class=\"container\">\n    <p>&nbsp;<\/p>\n<p><img loading=\"lazy\" class=\"aligncenter\" src=\"https:\/\/enix.pl\/app\/themes\/enix\/dist\/images\/ue_e6fccec2.png\" alt=\"logo funduszy europejskich\" width=\"653\" height=\"77\"><\/p>\n<p>&nbsp;<\/p>\n<p>&nbsp;<\/p>\n<p><strong>Program operacyjny<\/strong>: Program Operacyjny Inteligentny Rozw\u00f3j<\/p>\n<p>&nbsp;<\/p>\n<p><strong>O\u015b priorytetowa<\/strong>: 3 Wsparcie innowacji w przedsi\u0119biorstwach<\/p>\n<p>&nbsp;<\/p>\n<p><strong>Dzia\u0142anie 3.4<\/strong>. Dotacje na kapita\u0142 obrotowy wsp\u00f3\u0142finansowany ze \u015brodk\u00f3w Europejskiego Funduszu Rozwoju Regionalnego<\/p>\n<p>&nbsp;<\/p>\n<p><strong>Warto\u015b\u0107 projektu<\/strong>: <span style=\"color: #e30613;\">86 774,44<\/span> z\u0142<\/p>\n<p>&nbsp;<\/p>\n<p><strong>Opis projektu<\/strong>: Zaspokojenie pilnych potrzeb w zakresie p\u0142ynno\u015bci i przezwyci\u0119\u017cenia trudno\u015bci finansowych, kt\u00f3re zaistnia\u0142y wskutek pandemii COVID-19.<\/p>\n<p>&nbsp;<\/p>\n<p><strong>Cel<\/strong>: Niezaprzestanie dzia\u0142alno\u015bci przedsi\u0119biorstwa w okresie, na jaki udzielona jest dotacja.<\/p>\n<p>&nbsp;<\/p>\n  <\/div>\n<\/section>\n","protected":false},"excerpt":{"rendered":"","protected":false},"author":3,"featured_media":0,"parent":0,"menu_order":0,"comment_status":"closed","ping_status":"closed","template":"","meta":[],"yoast_head":"<!-- This site is optimized with the Yoast SEO plugin v16.3 - https:\/\/yoast.com\/wordpress\/plugins\/seo\/ -->\n<title>C\u0443\u0431\u0441\u0438\u0434\u0438\u0438 \u0415\u0421 2020 - ENIX - \u041f\u0440\u043e\u0438\u0437\u0432\u043e\u0434\u0438\u0442\u0435\u043b\u044c \u0440\u0430\u0434\u0438\u0430\u0442\u043e\u0440\u043e\u0432, \u0434\u0435\u043a\u043e\u0440\u0430\u0442\u0438\u0432\u043d\u044b\u0445 \u0440\u0430\u0434\u0438\u0430\u0442\u043e\u0440\u043e\u0432 \u0434\u043b\u044f \u0432\u0430\u043d\u043d\u044b\u0445 \u043a\u043e\u043c\u043d\u0430\u0442<\/title>\n<meta name=\"description\" content=\"C\u0443\u0431\u0441\u0438\u0434\u0438\u0438 \u0415\u0421 2020 - ENIX - \u041f\u0440\u043e\u0438\u0437\u0432\u043e\u0434\u0438\u0442\u0435\u043b\u044c \u0440\u0430\u0434\u0438\u0430\u0442\u043e\u0440\u043e\u0432, \u0434\u0435\u043a\u043e\u0440\u0430\u0442\u0438\u0432\u043d\u044b\u0445 \u0440\u0430\u0434\u0438\u0430\u0442\u043e\u0440\u043e\u0432 \u0434\u043b\u044f \u0432\u0430\u043d\u043d\u044b\u0445 \u043a\u043e\u043c\u043d\u0430\u0442 \u041f\u0440\u043e\u0438\u0437\u0432\u043e\u0434\u0438\u0442\u0435\u043b\u044c \u0440\u0430\u0434\u0438\u0430\u0442\u043e\u0440\u043e\u0432 ENIX \u0438 \u0430\u043a\u0441\u0435\u0441\u0441\u0443\u0430\u0440\u043e\u0432 \u0434\u043b\u044f \u043e\u0442\u043e\u043f\u043b\u0435\u043d\u0438\u044f.\" \/>\n<meta name=\"robots\" content=\"index, follow, max-snippet:-1, max-image-preview:large, max-video-preview:-1\" \/>\n<link rel=\"canonical\" href=\"https:\/\/enix.pl\/ru\/c\u0443\u0431\u0441\u0438\u0434\u0438\u0438-\u0435\u0441-2020\/\" \/>\n<meta property=\"og:locale\" content=\"ru_RU\" \/>\n<meta property=\"og:type\" content=\"article\" \/>\n<meta property=\"og:title\" content=\"C\u0443\u0431\u0441\u0438\u0434\u0438\u0438 \u0415\u0421 2020 - ENIX - \u041f\u0440\u043e\u0438\u0437\u0432\u043e\u0434\u0438\u0442\u0435\u043b\u044c \u0440\u0430\u0434\u0438\u0430\u0442\u043e\u0440\u043e\u0432, \u0434\u0435\u043a\u043e\u0440\u0430\u0442\u0438\u0432\u043d\u044b\u0445 \u0440\u0430\u0434\u0438\u0430\u0442\u043e\u0440\u043e\u0432 \u0434\u043b\u044f \u0432\u0430\u043d\u043d\u044b\u0445 \u043a\u043e\u043c\u043d\u0430\u0442\" \/>\n<meta property=\"og:description\" content=\"C\u0443\u0431\u0441\u0438\u0434\u0438\u0438 \u0415\u0421 2020 - ENIX - \u041f\u0440\u043e\u0438\u0437\u0432\u043e\u0434\u0438\u0442\u0435\u043b\u044c \u0440\u0430\u0434\u0438\u0430\u0442\u043e\u0440\u043e\u0432, \u0434\u0435\u043a\u043e\u0440\u0430\u0442\u0438\u0432\u043d\u044b\u0445 \u0440\u0430\u0434\u0438\u0430\u0442\u043e\u0440\u043e\u0432 \u0434\u043b\u044f \u0432\u0430\u043d\u043d\u044b\u0445 \u043a\u043e\u043c\u043d\u0430\u0442 \u041f\u0440\u043e\u0438\u0437\u0432\u043e\u0434\u0438\u0442\u0435\u043b\u044c \u0440\u0430\u0434\u0438\u0430\u0442\u043e\u0440\u043e\u0432 ENIX \u0438 \u0430\u043a\u0441\u0435\u0441\u0441\u0443\u0430\u0440\u043e\u0432 \u0434\u043b\u044f \u043e\u0442\u043e\u043f\u043b\u0435\u043d\u0438\u044f.\" \/>\n<meta property=\"og:url\" content=\"https:\/\/enix.pl\/ru\/c\u0443\u0431\u0441\u0438\u0434\u0438\u0438-\u0435\u0441-2020\/\" \/>\n<meta property=\"og:site_name\" content=\"ENIX\" \/>\n<meta property=\"article:publisher\" content=\"https:\/\/www.facebook.com\/ENIXCreateUBoZ3G9vlGY7Eg\" \/>\n<meta property=\"article:modified_time\" content=\"2021-08-10T07:59:14+00:00\" \/>\n<meta name=\"twitter:card\" content=\"summary_large_image\" \/>\n<script type=\"application\/ld+json\" class=\"yoast-schema-graph\">{\"@context\":\"https:\/\/schema.org\",\"@graph\":[{\"@type\":\"Organization\",\"@id\":\"https:\/\/enix.pl\/#organization\",\"name\":\"Enix sp. z o.o.\",\"url\":\"https:\/\/enix.pl\/\",\"sameAs\":[\"https:\/\/www.facebook.com\/ENIXCreateUBoZ3G9vlGY7Eg\",\"https:\/\/www.instagram.com\/enix.create\/\",\"https:\/\/pl.linkedin.com\/company\/enix-sp-z-o-o-\",\"https:\/\/pl.pinterest.com\/enixcreate\/\"],\"logo\":{\"@type\":\"ImageObject\",\"@id\":\"https:\/\/enix.pl\/#logo\",\"inLanguage\":\"ru-RU\",\"url\":\"https:\/\/enix.pl\/app\/uploads\/2021\/06\/logo-enix.svg\",\"contentUrl\":\"https:\/\/enix.pl\/app\/uploads\/2021\/06\/logo-enix.svg\",\"width\":168,\"height\":32,\"caption\":\"Enix sp. z o.o.\"},\"image\":{\"@id\":\"https:\/\/enix.pl\/#logo\"}},{\"@type\":\"WebSite\",\"@id\":\"https:\/\/enix.pl\/#website\",\"url\":\"https:\/\/enix.pl\/\",\"name\":\"ENIX\",\"description\":\"\\u041f\\u0440\\u043e\\u0438\\u0437\\u0432\\u043e\\u0434\\u0438\\u0442\\u0435\\u043b\\u044c \\u0440\\u0430\\u0434\\u0438\\u0430\\u0442\\u043e\\u0440\\u043e\\u0432\",\"publisher\":{\"@id\":\"https:\/\/enix.pl\/#organization\"},\"potentialAction\":[{\"@type\":\"SearchAction\",\"target\":\"https:\/\/enix.pl\/?s={search_term_string}\",\"query-input\":\"required name=search_term_string\"}],\"inLanguage\":\"ru-RU\"},{\"@type\":\"WebPage\",\"@id\":\"https:\/\/enix.pl\/ru\/c%d1%83%d0%b1%d1%81%d0%b8%d0%b4%d0%b8%d0%b8-%d0%b5%d1%81-2020\/#webpage\",\"url\":\"https:\/\/enix.pl\/ru\/c%d1%83%d0%b1%d1%81%d0%b8%d0%b4%d0%b8%d0%b8-%d0%b5%d1%81-2020\/\",\"name\":\"C\\u0443\\u0431\\u0441\\u0438\\u0434\\u0438\\u0438 \\u0415\\u0421 2020 - ENIX - \\u041f\\u0440\\u043e\\u0438\\u0437\\u0432\\u043e\\u0434\\u0438\\u0442\\u0435\\u043b\\u044c \\u0440\\u0430\\u0434\\u0438\\u0430\\u0442\\u043e\\u0440\\u043e\\u0432, \\u0434\\u0435\\u043a\\u043e\\u0440\\u0430\\u0442\\u0438\\u0432\\u043d\\u044b\\u0445 \\u0440\\u0430\\u0434\\u0438\\u0430\\u0442\\u043e\\u0440\\u043e\\u0432 \\u0434\\u043b\\u044f \\u0432\\u0430\\u043d\\u043d\\u044b\\u0445 \\u043a\\u043e\\u043c\\u043d\\u0430\\u0442\",\"isPartOf\":{\"@id\":\"https:\/\/enix.pl\/#website\"},\"datePublished\":\"2021-05-05T12:49:34+00:00\",\"dateModified\":\"2021-08-10T07:59:14+00:00\",\"description\":\"C\\u0443\\u0431\\u0441\\u0438\\u0434\\u0438\\u0438 \\u0415\\u0421 2020 - ENIX - \\u041f\\u0440\\u043e\\u0438\\u0437\\u0432\\u043e\\u0434\\u0438\\u0442\\u0435\\u043b\\u044c \\u0440\\u0430\\u0434\\u0438\\u0430\\u0442\\u043e\\u0440\\u043e\\u0432, \\u0434\\u0435\\u043a\\u043e\\u0440\\u0430\\u0442\\u0438\\u0432\\u043d\\u044b\\u0445 \\u0440\\u0430\\u0434\\u0438\\u0430\\u0442\\u043e\\u0440\\u043e\\u0432 \\u0434\\u043b\\u044f \\u0432\\u0430\\u043d\\u043d\\u044b\\u0445 \\u043a\\u043e\\u043c\\u043d\\u0430\\u0442 \\u041f\\u0440\\u043e\\u0438\\u0437\\u0432\\u043e\\u0434\\u0438\\u0442\\u0435\\u043b\\u044c \\u0440\\u0430\\u0434\\u0438\\u0430\\u0442\\u043e\\u0440\\u043e\\u0432 ENIX \\u0438 \\u0430\\u043a\\u0441\\u0435\\u0441\\u0441\\u0443\\u0430\\u0440\\u043e\\u0432 \\u0434\\u043b\\u044f \\u043e\\u0442\\u043e\\u043f\\u043b\\u0435\\u043d\\u0438\\u044f.\",\"breadcrumb\":{\"@id\":\"https:\/\/enix.pl\/ru\/c%d1%83%d0%b1%d1%81%d0%b8%d0%b4%d0%b8%d0%b8-%d0%b5%d1%81-2020\/#breadcrumb\"},\"inLanguage\":\"ru-RU\",\"potentialAction\":[{\"@type\":\"ReadAction\",\"target\":[\"https:\/\/enix.pl\/ru\/c%d1%83%d0%b1%d1%81%d0%b8%d0%b4%d0%b8%d0%b8-%d0%b5%d1%81-2020\/\"]}]},{\"@type\":\"BreadcrumbList\",\"@id\":\"https:\/\/enix.pl\/ru\/c%d1%83%d0%b1%d1%81%d0%b8%d0%b4%d0%b8%d0%b8-%d0%b5%d1%81-2020\/#breadcrumb\",\"itemListElement\":[{\"@type\":\"ListItem\",\"position\":1,\"item\":{\"@type\":\"WebPage\",\"@id\":\"https:\/\/enix.pl\/ru\/\",\"url\":\"https:\/\/enix.pl\/ru\/\",\"name\":\"Strona g\\u0142\\u00f3wna\"}},{\"@type\":\"ListItem\",\"position\":2,\"item\":{\"@id\":\"https:\/\/enix.pl\/ru\/c%d1%83%d0%b1%d1%81%d0%b8%d0%b4%d0%b8%d0%b8-%d0%b5%d1%81-2020\/#webpage\"}}]}]}<\/script>\n<!-- \/ Yoast SEO plugin. -->","_links":{"self":[{"href":"https:\/\/enix.pl\/ru\/wp-json\/wp\/v2\/pages\/31467"}],"collection":[{"href":"https:\/\/enix.pl\/ru\/wp-json\/wp\/v2\/pages"}],"about":[{"href":"https:\/\/enix.pl\/ru\/wp-json\/wp\/v2\/types\/page"}],"author":[{"embeddable":true,"href":"https:\/\/enix.pl\/ru\/wp-json\/wp\/v2\/users\/3"}],"replies":[{"embeddable":true,"href":"https:\/\/enix.pl\/ru\/wp-json\/wp\/v2\/comments?post=31467"}],"version-history":[{"count":1,"href":"https:\/\/enix.pl\/ru\/wp-json\/wp\/v2\/pages\/31467\/revisions"}],"predecessor-version":[{"id":31468,"href":"https:\/\/enix.pl\/ru\/wp-json\/wp\/v2\/pages\/31467\/revisions\/31468"}],"wp:attachment":[{"href":"https:\/\/enix.pl\/ru\/wp-json\/wp\/v2\/media?parent=31467"}],"curies":[{"name":"wp","href":"https:\/\/api.w.org\/{rel}","templated":true}]}}